{"id":334,"date":"2021-06-17T10:52:32","date_gmt":"2021-06-17T10:52:32","guid":{"rendered":"https:\/\/mil-fotball.no\/klubbhandbok\/?page_id=334"},"modified":"2021-06-18T12:51:41","modified_gmt":"2021-06-18T12:51:41","slug":"innledning","status":"publish","type":"page","link":"https:\/\/mil-fotball.no\/klubbhandbok\/innledning\/","title":{"rendered":"Innledning"},"content":{"rendered":"\t\t<div data-elementor-type=\"wp-page\" data-elementor-id=\"334\" class=\"elementor elementor-334\" data-elementor-settings=\"[]\">\n\t\t\t\t\t\t\t<div class=\"elementor-section-wrap\">\n\t\t\t\t\t\t\t<section class=\"penci-section penci-disSticky penci-structure-10 elementor-section elementor-top-section elementor-element elementor-element-ca3eb90 elementor-section-boxed elementor-section-height-default elementor-section-height-default\" data-id=\"ca3eb90\" data-element_type=\"section\">\n\t\t\t\t\t\t<div class=\"elementor-container elementor-column-gap-default\">\n\t\t\t\t\t<div class=\"penci-ercol-100 penci-ercol-order-1 penci-sticky-ct  elementor-column elementor-col-100 elementor-top-column elementor-element elementor-element-9eadd82\" data-id=\"9eadd82\" data-element_type=\"column\">\n\t\t\t<div class=\"elementor-widget-wrap elementor-element-populated\">\n\t\t\t\t\t\t\t\t<div class=\"elementor-element elementor-element-48b0071 elementor-widget elementor-widget-text-editor\" data-id=\"48b0071\" data-element_type=\"widget\" data-widget_type=\"text-editor.default\">\n\t\t\t\t<div class=\"elementor-widget-container\">\n\t\t\t\t\t\t\t<p><a href=\"https:\/\/mil-fotball.no\/klubbhandbok\/innledning\"><strong>1. Innledning<\/strong><\/a><\/p><p style=\"padding-left: 40px;\"><a href=\"https:\/\/mil-fotball.no\/klubbhandbok\/innledning#1-1\">1.1 Hvorfor klubbh\u00e5ndbok<\/a><br \/><a href=\"https:\/\/mil-fotball.no\/klubbhandbok\/innledning#1-2\">1.2 Prosess<\/a><\/p>\t\t\t\t\t\t<\/div>\n\t\t\t\t<\/div>\n\t\t\t\t<div class=\"elementor-element elementor-element-d1cbd98 elementor-widget elementor-widget-spacer\" data-id=\"d1cbd98\" data-element_type=\"widget\" data-widget_type=\"spacer.default\">\n\t\t\t\t<div class=\"elementor-widget-container\">\n\t\t\t\t\t<div class=\"elementor-spacer\">\n\t\t\t<div class=\"elementor-spacer-inner\"><\/div>\n\t\t<\/div>\n\t\t\t\t<\/div>\n\t\t\t\t<\/div>\n\t\t\t\t\t<\/div>\n\t\t<\/div>\n\t\t\t\t\t\t\t<\/div>\n\t\t<\/section>\n\t\t\t\t<section class=\"penci-section penci-disSticky penci-structure-10 elementor-section elementor-top-section elementor-element elementor-element-34b434f elementor-section-boxed elementor-section-height-default elementor-section-height-default\" data-id=\"34b434f\" data-element_type=\"section\">\n\t\t\t\t\t\t<div class=\"elementor-container elementor-column-gap-default\">\n\t\t\t\t\t<div class=\"penci-ercol-100 penci-ercol-order-1 penci-sticky-ct  elementor-column elementor-col-100 elementor-top-column elementor-element elementor-element-08ff7fd\" data-id=\"08ff7fd\" data-element_type=\"column\">\n\t\t\t<div class=\"elementor-widget-wrap elementor-element-populated\">\n\t\t\t\t\t\t\t\t<div class=\"elementor-element elementor-element-cf5cfd4 elementor-widget elementor-widget-text-editor\" data-id=\"cf5cfd4\" data-element_type=\"widget\" data-widget_type=\"text-editor.default\">\n\t\t\t\t<div class=\"elementor-widget-container\">\n\t\t\t\t\t\t\t<a name=\"1-0\"><\/a><strong>1. Innledning<\/strong>\t\t\t\t\t\t<\/div>\n\t\t\t\t<\/div>\n\t\t\t\t<div class=\"elementor-element elementor-element-04467c7 elementor-widget elementor-widget-text-editor\" data-id=\"04467c7\" data-element_type=\"widget\" data-widget_type=\"text-editor.default\">\n\t\t\t\t<div class=\"elementor-widget-container\">\n\t\t\t\t\t\t\t<p><a name=\"1-1\"><\/a><strong>1.1 Hvorfor klubbh\u00e5ndbok<\/strong><\/p><p>En klubbh\u00e5ndbok skal svare p\u00e5 de viktigste sp\u00f8rsm\u00e5lene om klubben og gj\u00f8re det enkelt \u00e5 finne ut hva som gjelder internt. Klubbh\u00e5ndboka vil dermed bidra til kontinuitet i det som bestemmes og gj\u00f8res i klubben. Styret i MIL fotball reviderer og godkjenner klubbh\u00e5ndboka \u00e5rlig.<\/p><p><a name=\"1-2\"><\/a><strong>1.2 Prosess<\/strong><\/p><p>Daglig leder i MIL fotball har styrt prosessen med mandat og retningslinjer fra styret i MIL fotball. Jobben har v\u00e6rt n\u00e6rt knyttet opp mot kvalitetsklubbprosjektet til NFF. Flere medlemmer i styret har hatt definerte oppgaver i utarbeidelse av klubbh\u00e5ndboka.<\/p><p>Klubbh\u00e5ndboka er basert p\u00e5 andre klubbers sportsplaner, innspill fra sportsplangruppa i MIL fotball og egne erfaringer. Den er pr\u00f8vd tilpasset Mosj\u00f8en b\u00e5de i forhold til geografi og demografi. Sportsplanen for barne- og ungdomsfotballen er sendt ut til samtlige trenere i MIL fotball for h\u00f8ring. Styret har til slutt vedtatt planen som MIL fotballs offisielle klubbh\u00e5ndbok.<\/p>\t\t\t\t\t\t<\/div>\n\t\t\t\t<\/div>\n\t\t\t\t\t<\/div>\n\t\t<\/div>\n\t\t\t\t\t\t\t<\/div>\n\t\t<\/section>\n\t\t\t\t\t\t<\/div>\n\t\t\t\t\t<\/div>\n\t\t","protected":false},"excerpt":{"rendered":"<p>1. Innledning 1.1 Hvorfor klubbh\u00e5ndbok1.2 Prosess 1. Innledning 1.1 Hvorfor klubbh\u00e5ndbok En klubbh\u00e5ndbok skal svare p\u00e5 de viktigste sp\u00f8rsm\u00e5lene om klubben og gj\u00f8re det enkelt \u00e5 finne ut hva som&hellip;<\/p>\n","protected":false},"author":1,"featured_media":0,"parent":0,"menu_order":0,"comment_status":"closed","ping_status":"closed","template":"","meta":{"footnotes":""},"class_list":["post-334","page","type-page","status-publish","hentry"],"_links":{"self":[{"href":"https:\/\/mil-fotball.no\/klubbhandbok\/wp-json\/wp\/v2\/pages\/334","targetHints":{"allow":["GET"]}}],"collection":[{"href":"https:\/\/mil-fotball.no\/klubbhandbok\/wp-json\/wp\/v2\/pages"}],"about":[{"href":"https:\/\/mil-fotball.no\/klubbhandbok\/wp-json\/wp\/v2\/types\/page"}],"author":[{"embeddable":true,"href":"https:\/\/mil-fotball.no\/klubbhandbok\/wp-json\/wp\/v2\/users\/1"}],"replies":[{"embeddable":true,"href":"https:\/\/mil-fotball.no\/klubbhandbok\/wp-json\/wp\/v2\/comments?post=334"}],"version-history":[{"count":16,"href":"https:\/\/mil-fotball.no\/klubbhandbok\/wp-json\/wp\/v2\/pages\/334\/revisions"}],"predecessor-version":[{"id":622,"href":"https:\/\/mil-fotball.no\/klubbhandbok\/wp-json\/wp\/v2\/pages\/334\/revisions\/622"}],"wp:attachment":[{"href":"https:\/\/mil-fotball.no\/klubbhandbok\/wp-json\/wp\/v2\/media?parent=334"}],"curies":[{"name":"wp","href":"https:\/\/api.w.org\/{rel}","templated":true}]}}