{"id":542,"date":"2021-06-17T19:34:12","date_gmt":"2021-06-17T19:34:12","guid":{"rendered":"https:\/\/mil-fotball.no\/klubbhandbok\/?page_id=542"},"modified":"2021-06-18T13:17:20","modified_gmt":"2021-06-18T13:17:20","slug":"om-mil-fotball","status":"publish","type":"page","link":"https:\/\/mil-fotball.no\/klubbhandbok\/om-mil-fotball\/","title":{"rendered":"Om MIL Fotball"},"content":{"rendered":"\t\t<div data-elementor-type=\"wp-page\" data-elementor-id=\"542\" class=\"elementor elementor-542\" data-elementor-settings=\"[]\">\n\t\t\t\t\t\t\t<div class=\"elementor-section-wrap\">\n\t\t\t\t\t\t\t<section class=\"penci-section penci-disSticky penci-structure-10 elementor-section elementor-top-section elementor-element elementor-element-4ebe7d1 elementor-section-boxed elementor-section-height-default elementor-section-height-default\" data-id=\"4ebe7d1\" data-element_type=\"section\">\n\t\t\t\t\t\t<div class=\"elementor-container elementor-column-gap-default\">\n\t\t\t\t\t<div class=\"penci-ercol-100 penci-ercol-order-1 penci-sticky-ct  elementor-column elementor-col-100 elementor-top-column elementor-element elementor-element-ae626aa\" data-id=\"ae626aa\" data-element_type=\"column\">\n\t\t\t<div class=\"elementor-widget-wrap elementor-element-populated\">\n\t\t\t\t\t\t\t\t<div class=\"elementor-element elementor-element-b91a168 elementor-widget elementor-widget-text-editor\" data-id=\"b91a168\" data-element_type=\"widget\" data-widget_type=\"text-editor.default\">\n\t\t\t\t<div class=\"elementor-widget-container\">\n\t\t\t\t\t\t\t<p><a href=\"https:\/\/mil-fotball.no\/klubbhandbok\/om-mil-fotball\"><strong>2. Om MIL fotball<\/strong><\/a><\/p><p style=\"padding-left: 40px;\"><a href=\"https:\/\/mil-fotball.no\/klubbhandbok\/om-mil-fotball#2-1\">2.1 Fakta<\/a><br \/><a href=\"https:\/\/mil-fotball.no\/klubbhandbok\/om-mil-fotball#2-2\">2.2 Klubbens historie<\/a><br \/><a href=\"https:\/\/mil-fotball.no\/klubbhandbok\/om-mil-fotball#2-3\">2.3 Klubbens visjon og m\u00e5lsetning<\/a><br \/><a href=\"https:\/\/mil-fotball.no\/klubbhandbok\/om-mil-fotball#2-4\">2.4 Klubbens verdigrunnlag<\/a><br \/><a href=\"https:\/\/mil-fotball.no\/klubbhandbok\/om-mil-fotball#2-5\">2.5 Fair Play<\/a><br \/><a href=\"https:\/\/mil-fotball.no\/klubbhandbok\/om-mil-fotball#2-6\">2.6 Vedtekter MIL fotball<\/a><\/p>\t\t\t\t\t\t<\/div>\n\t\t\t\t<\/div>\n\t\t\t\t<div class=\"elementor-element elementor-element-355847b elementor-widget elementor-widget-spacer\" data-id=\"355847b\" data-element_type=\"widget\" data-widget_type=\"spacer.default\">\n\t\t\t\t<div class=\"elementor-widget-container\">\n\t\t\t\t\t<div class=\"elementor-spacer\">\n\t\t\t<div class=\"elementor-spacer-inner\"><\/div>\n\t\t<\/div>\n\t\t\t\t<\/div>\n\t\t\t\t<\/div>\n\t\t\t\t\t<\/div>\n\t\t<\/div>\n\t\t\t\t\t\t\t<\/div>\n\t\t<\/section>\n\t\t\t\t<section class=\"penci-section penci-disSticky penci-structure-10 elementor-section elementor-top-section elementor-element elementor-element-17a6a3f elementor-section-boxed elementor-section-height-default elementor-section-height-default\" data-id=\"17a6a3f\" data-element_type=\"section\">\n\t\t\t\t\t\t<div class=\"elementor-container elementor-column-gap-default\">\n\t\t\t\t\t<div class=\"penci-ercol-100 penci-ercol-order-1 penci-sticky-ct  elementor-column elementor-col-100 elementor-top-column elementor-element elementor-element-8b70c75\" data-id=\"8b70c75\" data-element_type=\"column\">\n\t\t\t<div class=\"elementor-widget-wrap elementor-element-populated\">\n\t\t\t\t\t\t\t\t<div class=\"elementor-element elementor-element-467383b elementor-widget elementor-widget-text-editor\" data-id=\"467383b\" data-element_type=\"widget\" data-widget_type=\"text-editor.default\">\n\t\t\t\t<div class=\"elementor-widget-container\">\n\t\t\t\t\t\t\t<p><a name=\"2-0\"><\/a><strong>2.0 Om MIL fotball<\/strong><\/p>\t\t\t\t\t\t<\/div>\n\t\t\t\t<\/div>\n\t\t\t\t<div class=\"elementor-element elementor-element-8c70fc2 elementor-widget elementor-widget-text-editor\" data-id=\"8c70fc2\" data-element_type=\"widget\" data-widget_type=\"text-editor.default\">\n\t\t\t\t<div class=\"elementor-widget-container\">\n\t\t\t\t\t\t\t<p><a name=\"2-1\"><\/a><strong>2.1 Fakta<\/strong><\/p><p>Navn: Mosj\u00f8en IL fotballgruppe<br \/>Organisasjonsform: Forening\/lag\/innretning<br \/>Organisasjonsnummer: 852 710 292<br \/>Bes\u00f8ksadresse: Knut Johan Rognesves 1, 8657 Mosj\u00f8en<br \/>Postadresse: Postboks 86, 8651 Mosj\u00f8en<br \/>Farge: bl\u00e5\/hvit<br \/>Hjemmeside: www.mil-fotball.no<br \/>Registrert i enhetsregisteret: 20.02.1995<\/p><p>MIL fotball er en av tre undergrupper i Mosj\u00f8en IL. Hovedlaget har et eget styre, der lederne av hver undergruppe er styremedlem.<\/p><p><a name=\"2-2\"><\/a><strong>2.2 Klubbens historie<\/strong><\/p><p>Historien til Mosj\u00f8en IL startet opp i 1892, men da under navnet Mosj\u00f8en turnforening. I 1909 ble Mosj\u00f8en Fodboldklubb startet opp, og de to foreningene ble sl\u00e5tt sammen under navnet Mosj\u00f8en Idr\u00e6tslag i 1914.<\/p><p>De f\u00f8rste \u00e5rene var Mosj\u00f8en en av bare to fotballklubber p\u00e5 Helgeland, og det ble arrangert \u00e5rlige kamper mot den andre klubben, Mo idrettslag. I 1918 ble begge klubbene medlem av den nystartede Nordland fotballkrets og ble da offisielt en del av Norges fotballforbund. De f\u00f8rste \u00e5rene var det kun Mosj\u00f8en, Mo og Bod\u00f8\/Glimt som var klubbene i Nordland, og kretsmesterskapet stod mellom Mosj\u00f8en og Glimt de f\u00f8rste \u00e5rene. Mosj\u00f8en vant for f\u00f8rste gang i 1921, mens Glimt gikk til topps foran MIL i 1919, 1920 og 1922.<\/p><p>P\u00e5 1970-tallet spilte Mosj\u00f8en totalt fem sesonger p\u00e5 nest h\u00f8yeste niv\u00e5 i divisjonssystemet, men de rykket ned i 1978. Fra 1997-2000 var laget i andredivisjon, og i 1997 var Mosj\u00f8en Nordlands nest beste fotballag bak Bod\u00f8\/Glimt. Ogs\u00e5 aldersbestemte lag i Mosj\u00f8en har hevdet seg godt, og i 1983 gikk klubbens juniorlag helt til finalen i Norgesmesterskapet for juniorer. Finalen mot Moss ble spilt foran 3.500 tilskuere p\u00e5 Kippermoen, men Mosj\u00f8en tapte til slutt 2-3.<\/p><p>MIL har h\u00f8rt hjemme p\u00e5 Kippermoen helt siden 1935, da Mosj\u00f8en vant 4-2 mot Mo idrettslag i en \u00e5pningskamp p\u00e5 omr\u00e5det klubben hadde kj\u00f8pt. I \u00e5rene f\u00f8r hadde Mosj\u00f8en bestemt seg for \u00e5 satse p\u00e5 idrettsanlegg p\u00e5 Kippermoen, og arbeidet for \u00e5 gj\u00f8re omr\u00e5det til en idrettspark ble holdt g\u00e5ende b\u00e5de f\u00f8r og etter krigen. I 1948 ble omr\u00e5det overdratt til kommunen, og i 1952 ble Kippermoen idretts- og folkepark offisielt \u00e5pnet. Siden har omr\u00e5det v\u00e6rt et av Norges fineste idrettsanlegg, og har v\u00e6rt viktig for at Kippermocupen, som ble arrangert for f\u00f8rste gang i 1983, har blitt en stor suksess med flere tusen tilreisende til Mosj\u00f8en hvert \u00e5r.<\/p><p><a name=\"2-3\"><\/a><strong>2.3 Klubbens visjon og m\u00e5lsetning<\/strong><\/p><p><strong>V\u00e5r visjon:<\/strong><\/p><p>\u00abMIL for alle\u00bb<\/p><p>V\u00e5r visjon \u00abMIL for alle\u00bb skal gjennomsyre det arbeidet som gj\u00f8res i klubben. Klubben skal legge til rette for fotballglede, muligheter og utfordringer for alle som \u00f8nsker det. Uavhengig av forskjeller og bakgrunn, skal alle finne tilh\u00f8righet i v\u00e5r klubb.<\/p><p>M\u00e5lsetting: MIL fotball skal v\u00e6re en av fotballkretsens beste og mest attraktive klubber som bedriver senior-, ungdoms-, og barnefotball. Klubben skal v\u00e6re en god ambassad\u00f8r for Vefsn kommune.<\/p><p><a name=\"2-4\"><\/a><strong>2.4 Klubbens verdigrunnlag<\/strong><\/p><p>Klubbens initialer (M-I-L) representerer kjerneverdiene klubben \u00f8nsker \u00e5 identifisere oss med.<\/p><p><strong>Vi skal v\u00e6re:<\/strong><\/p><p>M \u2013 Motiverende<br \/>I \u2013 Inkluderende<br \/>L \u2013 Lidenskapelige<\/p><p>Motiverende: Det SKAL v\u00e6re motiverende \u00e5 v\u00e6re en del av MIL fotball familien. Gjennom riktig motivasjon \u00f8nsker vi \u00e5 skape utvikling, mestring, toleranse og gode opplevelser.<\/p><p>Inkluderende: Vi skal legge til rette for trivsel og tilh\u00f8righet uavhengig av bakgrunn og ferdigheter. Vi skal ha gode holdninger og behandle alle mennesker med respekt. For oss er det viktig at alle skal f\u00f8le seg velkommen i klubben.<\/p><p>Lidenskapelig: Vi skal s\u00f8rge for at alle som er involvert i og rundt MIL fotball opprettholder sin lidenskap til klubben. Dette gj\u00f8r vi ved \u00e5 begeistre, v\u00e6re entusiastiske, kreativ og nyskapende.<\/p><p>M\u00e5let med v\u00e5re verdier er \u00e5 legge til rette for NFFs verdigrunnlag \u00abFlest mulig \u2013 lengst mulig \u2013 best mulig\u00bb.<\/p><p><a name=\"2-5\"><\/a><strong>2.5 Fair Play<\/strong><\/p><p>Det er viktig for MIL fotball \u00e5 bli betraktet som en positiv faktor i n\u00e6rmilj\u00f8et. Vi \u00f8nsker at barn, unge og voksne skal f\u00f8le en tilh\u00f8righet, trygghet og stolthet til klubben.<\/p><p>Fair Play handler ikke bare om gule og r\u00f8de kort. Fair Play handler ogs\u00e5 om hvordan vi oppf\u00f8rer oss mot hverandre, b\u00e5de p\u00e5 og utenfor banen. Det er viktig at alle tilknyttet MIL fotball f\u00f8lger de normer, regler og retningslinjer som klubben har satt. Dette bidrar til \u00e5 skape de holdningene og verdiene vi \u00f8nsker oss. Som igjen skaper et fotballmilj\u00f8 preget av trivsel og trygghet.<\/p><p><strong>Sentrale stikkord er:<\/strong><\/p><ul><li>Respekt og toleranse for hverandre<\/li><li>Alle er like verdifulle<\/li><li>Ta avstand fra rasisme og mobbing<\/li><li>Respektere dommerens avgj\u00f8relser<\/li><li>Skape et fellesskap som inkluderer alle<\/li><\/ul><p>Fair Play er en l\u00f8pende prosess der alle i og rundt klubb aktivt gjennom hele \u00e5ret jobber for \u00e5 implementere og forankre v\u00e5re gode verdier og holdninger. Vi har en egen Fair Play ansvarlig som har ansvar for at denne jobben blir gjort. Se egen rollebeskrivelse under punkt 3.2.8.<\/p><p><a name=\"2-6\"><\/a><strong>2.6 Vedtekter MIL fotball<\/strong><\/p><p><strong>Form\u00e5l<\/strong><\/p><p>MIL fotball er en undergruppe av Mosj\u00f8en idrettslag og skal til enhver tid f\u00f8lge gjeldende lovverk fra sitt overordnede organisasjonsledd; herunder NIF, Norges fotballforbund og Mosj\u00f8en idrettslag.<br \/>Form\u00e5let er \u00e5 drive fotball organisert i Norges fotballforbund. MIL fotball skal gjennom samarbeid virke for utbredelse og utvikling av fotballen i n\u00e6rmilj\u00f8et.<\/p><p><strong>Medlemmer<\/strong><\/p><p>Alle som aksepterer \u00e5 overholde klubbens og fotballgruppas lover og bestemmelser kan bli opptatt som medlem. Alle som skal spille fotball for MIL fotball m\u00e5 v\u00e6re medlem av Mosj\u00f8en idrettslag.<\/p><p>For \u00e5 v\u00e6re registrert i MIL fotball og spillerberettiget for klubben m\u00e5 treningsavgift\/kontingent v\u00e6re betalt.<\/p><p>Alle spillere fra 13 \u00e5r m\u00e5 st\u00e5 i fotballens informasjons- og kommunikasjonssystem (FIKS) for \u00e5 v\u00e6re spillerberettiget.<\/p><p>Treningsavgiften\/kontingent fastsettes p\u00e5 \u00e5rsm\u00f8tet.<\/p><p><strong>Kj\u00f8nnsfordeling<\/strong><\/p><p>Begge kj\u00f8nn skal v\u00e6re representert i alle r\u00e5d, utvalg og i styret.<\/p><p>N\u00e5r ikke annet er bestemt er styrer, r\u00e5d og utvalg vedtaksf\u00f8re n\u00e5r et flertall av medlemmene er til stede.<\/p><p><strong>\u00c5rsm\u00f8te<\/strong><\/p><p>\u00c5rsm\u00f8tet avholdes hvert \u00e5r innen 31. mars.<\/p><p>\u00c5rsm\u00f8tet innkalles av styret med minst en m\u00e5neds varsel direkte til medlemmene, eventuelt p\u00e5 annen forsvarlig m\u00e5te, herunder kunngj\u00f8ring i pressen, eller p\u00e5 fotballgruppas internettside. Innkalling kan henvise til at saksdokumentene gj\u00f8res tilgjengelig p\u00e5 internett eller p\u00e5 annen forsvarlig m\u00e5te. Forslag som skal behandles p\u00e5 \u00e5rsm\u00f8tet m\u00e5 v\u00e6re sendt til styret senest 2 uker f\u00f8r \u00e5rsm\u00f8tet. Fullstendig sakliste og andre n\u00f8dvendige saksdokumenter med forslag m\u00e5 v\u00e6re gjort tilgjengelig for medlemmene senest en uke f\u00f8r \u00e5rsm\u00f8tet.<\/p><p>Ved innkalling i strid med bestemmelsen, avgj\u00f8r \u00e5rsm\u00f8tet, under posten &laquo;godkjenning av innkalling og godkjenning av saklisten&raquo;, om \u00e5rsm\u00f8tet er lovlig innkalt og om det er saker som ikke kan behandles.<\/p><p>Alle fotballgruppas medlemmer har adgang til \u00e5rsm\u00f8tet. \u00c5rsm\u00f8tet kan invitere andre personer og\/eller media til \u00e5 v\u00e6re til stede, eventuelt vedta at \u00e5rsm\u00f8tet kun er \u00e5pent for medlemmer.<\/p><p>\u00c5rsm\u00f8tet er vedtaksf\u00f8rt dersom det m\u00f8ter et antall stemmeberettigete medlemmer som minst tilsvarer antallet styremedlemmer iht. vedtektene. Dersom \u00e5rsm\u00f8tet ikke er vedtaksf\u00f8rt, kan det innkalles til \u00e5rsm\u00f8te p\u00e5 nytt uten krav til minimumsdeltakelse.<\/p><p>P\u00e5 \u00e5rsm\u00f8tet kan det ikke behandles forslag om endring i vedtekter eller bestemmelser som ikke er oppf\u00f8rt p\u00e5 utsendt\/kunngjort sakliste. Andre saker kan behandles n\u00e5r 2\/3 av de fremm\u00f8tte stemmeberettigete p\u00e5 \u00e5rsm\u00f8tet vedtar det, ved godkjenning av saklisten.<\/p><p><strong>Ledelse av \u00e5rsm\u00f8tet<\/strong><\/p><p>\u00c5rsm\u00f8tet ledes av valgt(e) dirigent(er). Dirigenten(e) beh\u00f8ver ikke \u00e5 v\u00e6re medlem av idrettslaget.<\/p><p><strong>\u00c5rsm\u00f8tets oppgaver<\/strong><\/p><ol><li>Godkjenne de stemmeberettigede<\/li><li>Godkjenne innkallingen, sakliste og forretningsorden<\/li><li>Velge dirigent(er), referent(er) samt 2 medlemmer til \u00e5 underskrive protokollen<\/li><li>Behandle fotballgruppas \u00e5rsmelding, herunder eventuelle lags\u00e5rsmeldinger<\/li><li>Behandle fotballgruppas regnskap i revidert stand.<\/li><li>Behandle forslag og saker<\/li><li>Fastsette treningsavgifter<\/li><li>Vedta fotballgruppas budsjett<\/li><li>Behandle fotballgruppas organisasjonsplan og langtidsplan<\/li><li>Foreta f\u00f8lgende valg: a) Leder og nestleder b) 2-4 styremedlemmer c) \u00d8vrige valg i henhold til \u00e5rsm\u00f8tevedtatt organisasjonsplan d) Representanter til ting og m\u00f8ter i de organisasjonsledd fotballgruppa har representasjonsrett e) Valgkomit\u00e9 med 2 medlemmer<\/li><\/ol><p>Leder og nestleder velges enkeltvis. De \u00f8vrige medlemmer til styret velges samlet.<\/p><p>Valgkomiteen velges p\u00e5 fritt grunnlag, etter innstilling fra styret.<\/p><p><strong>Stemmegivning p\u00e5 \u00e5rsm\u00f8tet<\/strong><\/p><p>Med mindre annet er bestemt i disse vedtektene, skal et vedtak, for \u00e5 v\u00e6re gyldig, v\u00e6re truffet med alminnelig flertall av de avgitte stemmer. Ingen representant har mer enn \u00e9n stemme. Ingen kan m\u00f8te eller avgi stemme ved fullmakt. Blanke stemmer skal anses som ikke avgitt.<\/p><p>Valg foreg\u00e5r skriftlig hvis det foreligger mer enn et forslag eller det fremmes det. Hvis det skal v\u00e6re skriftlige valg, kan bare foresl\u00e5tte kandidater f\u00f8res opp p\u00e5 stemmeseddelen. Stemmesedler som er blanke, eller som inneholder ikke foresl\u00e5tte kandidater, eller ikke inneholder det antall det skal stemme over, teller ikke, og stemmene anses som ikke avgitt.<\/p><p>N\u00e5r et valg foreg\u00e5r enkeltvis og ingen kandidat oppn\u00e5r mer enn halvparten av de avgitte stemmer, foretas omvalg mellom de to kandidater som har oppn\u00e5dd flest stemmer. Er det ved omvalg stemmelikhet, avgj\u00f8res valget ved loddtrekning.<\/p><p>N\u00e5r det ved valg skal velges flere ved en avstemning, m\u00e5 alle, for \u00e5 anses valgt, ha mer enn halvparten av de avgitte stemmer. Dette gjelder ikke ved valg av vararepresentant. Hvis ikke tilstrekkelig mange kandidater har oppn\u00e5dd dette i f\u00f8rste omgang, anses de valgt som har f\u00e5tt mer enn halvparten av stemmene. Det foretas s\u00e5 omvalg mellom de \u00f8vrige kandidater og etter denne avstemning anses de valgt som har f\u00e5tt flest stemmer. Er det ved omvalg stemmelikhet, avgj\u00f8res valget ved loddtrekning.<\/p><p><strong>Ekstraordin\u00e6rt \u00e5rsm\u00f8te<\/strong><\/p><p>Ekstraordin\u00e6rt \u00e5rsm\u00f8te i fotballgruppa innkalles av fotballgruppas styre med minst 14 dagers varsel etter:<\/p><p>a) Vedtak av \u00e5rsm\u00f8tet i fotballgruppa<br \/>b) Vedtak av styret i fotballgruppa<br \/>c) Vedtak av styret i overordnet organisasjonsledd<br \/>d) Skriftlig krav fra 1\/3 av fotballgruppas stemmeberettigete medlemmer<\/p><p>Ekstraordin\u00e6rt \u00e5rsm\u00f8te innkalles direkte til medlemmene eventuelt p\u00e5 annen forsvarlig m\u00e5te, herunder kunngj\u00f8ring i pressen, eventuelt p\u00e5 idrettslagets internettside. Innkalling kan henvise til at saksdokumentene gj\u00f8res tilgjengelig p\u00e5 internett eller p\u00e5 annen forsvarlig m\u00e5te.<\/p><p>Ekstraordin\u00e6rt \u00e5rsm\u00f8te er vedtaksf\u00f8rt dersom det m\u00f8ter et antall stemmeberettigete medlemmer som minst tilsvarer antallet styremedlemmer iht. idrettslagets lov. Dersom det ekstraordin\u00e6re \u00e5rsm\u00f8tet ikke er vedtaksf\u00f8rt, kan det innkalles til \u00e5rsm\u00f8te p\u00e5 nytt uten krav til minimumsdeltakelse.<\/p><p>Ekstraordin\u00e6rt \u00e5rsm\u00f8te i fotballgruppa skal bare behandle de saker som er angitt i vedtaket eller i kravet om innkalling av \u00e5rsm\u00f8tet. Sakliste og n\u00f8dvendige saksdokumenter skal f\u00f8lge innkallingen.<\/p><p><strong>Fotballgruppas styre<\/strong><\/p><p>Fotballgruppa ledes og forpliktes av styret, som er fotballgruppas h\u00f8yeste myndighet mellom \u00e5rsm\u00f8tene. Styret konstituerer seg selv p\u00e5 det f\u00f8rste styrem\u00f8tet etter \u00e5rsm\u00f8tet og tildeler ansvarsoppgaver etter behov.<\/p><p><strong>Styret skal:<\/strong><\/p><p>a) Iverksette \u00e5rsm\u00f8tets og overordnede organisasjonsledds regelverk og vedtak.<br \/>b) P\u00e5se at fotballgruppas midler brukes og forvaltes p\u00e5 en forsiktig m\u00e5te i samsvar med de vedtak som er fattet p\u00e5 \u00e5rsm\u00f8tet eller i overordnet organisasjonsledd, og s\u00f8rge for at fotballgruppa har en tilfredsstillende organisering av regnskaps- og budsjettfunksjonen samt en forsvarlig \u00f8konomistyring<br \/>c) Etter behov \u00e5 oppnevne komiteer\/utvalg\/personer for spesielle oppgaver og utarbeide mandat\/instruks for disse.<br \/>d) Forvalte arbeidsgiveransvar for fast ansatt daglig leder ved \u00e5 utarbeide arbeidskontrakt og stillingsinstruks samt \u00e5 gjennomf\u00f8re \u00e5rlig medarbeidersamtale og l\u00f8nnssamtale med daglig leder<br \/>e) Representere fotballgruppa utad sammen med daglig leder.<\/p><p>Styret skal holde m\u00f8te n\u00e5r styreleder bestemmer det i samr\u00e5d med daglig leder, eller n\u00e5r et flertall av styremedlemmene forlanger det, omtrent \u00e9n gang i m\u00e5neden. Innkalling med agenda og relevante saksdokumenter skal foreligge f\u00f8r m\u00f8tet.<\/p><p>Styret har ansvar for fotballgruppas regelverk og vedtekter, og har ansvaret for at bestemmelsene blir fulgt. Vedtektene skal v\u00e6re oppdatert i forhold til Mosj\u00f8en Idrettslags regelverk, NIFs lovverk og NFF.<\/p><p>Styret er \u00f8verste ansvarlig for \u00e5 ta initiativ til og p\u00e5se at det i MIL fotball utvikles en kultur hvor etiske standarder og verdier har en naturlig plass. Styret har ansvar for \u00e5rlig \u00e5 gjennomg\u00e5 og eventuelt oppdatere MIL fotball sin overordnede strategi for \u00e5 n\u00e5 de langsiktige m\u00e5lene.<\/p>\t\t\t\t\t\t<\/div>\n\t\t\t\t<\/div>\n\t\t\t\t\t<\/div>\n\t\t<\/div>\n\t\t\t\t\t\t\t<\/div>\n\t\t<\/section>\n\t\t\t\t\t\t<\/div>\n\t\t\t\t\t<\/div>\n\t\t","protected":false},"excerpt":{"rendered":"<p>2. Om MIL fotball 2.1 Fakta2.2 Klubbens historie2.3 Klubbens visjon og m\u00e5lsetning2.4 Klubbens verdigrunnlag2.5 Fair Play2.6 Vedtekter MIL fotball 2.0 Om MIL fotball 2.1 Fakta Navn: Mosj\u00f8en IL fotballgruppeOrganisasjonsform: Forening\/lag\/innretningOrganisasjonsnummer:&hellip;<\/p>\n","protected":false},"author":1,"featured_media":0,"parent":0,"menu_order":0,"comment_status":"closed","ping_status":"closed","template":"","meta":{"footnotes":""},"class_list":["post-542","page","type-page","status-publish","hentry"],"_links":{"self":[{"href":"https:\/\/mil-fotball.no\/klubbhandbok\/wp-json\/wp\/v2\/pages\/542","targetHints":{"allow":["GET"]}}],"collection":[{"href":"https:\/\/mil-fotball.no\/klubbhandbok\/wp-json\/wp\/v2\/pages"}],"about":[{"href":"https:\/\/mil-fotball.no\/klubbhandbok\/wp-json\/wp\/v2\/types\/page"}],"author":[{"embeddable":true,"href":"https:\/\/mil-fotball.no\/klubbhandbok\/wp-json\/wp\/v2\/users\/1"}],"replies":[{"embeddable":true,"href":"https:\/\/mil-fotball.no\/klubbhandbok\/wp-json\/wp\/v2\/comments?post=542"}],"version-history":[{"count":13,"href":"https:\/\/mil-fotball.no\/klubbhandbok\/wp-json\/wp\/v2\/pages\/542\/revisions"}],"predecessor-version":[{"id":647,"href":"https:\/\/mil-fotball.no\/klubbhandbok\/wp-json\/wp\/v2\/pages\/542\/revisions\/647"}],"wp:attachment":[{"href":"https:\/\/mil-fotball.no\/klubbhandbok\/wp-json\/wp\/v2\/media?parent=542"}],"curies":[{"name":"wp","href":"https:\/\/api.w.org\/{rel}","templated":true}]}}