{"id":544,"date":"2021-06-17T19:34:56","date_gmt":"2021-06-17T19:34:56","guid":{"rendered":"https:\/\/mil-fotball.no\/klubbhandbok\/?page_id=544"},"modified":"2021-06-18T13:00:37","modified_gmt":"2021-06-18T13:00:37","slug":"klubbens-organisering-og-rollebeskrivelser","status":"publish","type":"page","link":"https:\/\/mil-fotball.no\/klubbhandbok\/klubbens-organisering-og-rollebeskrivelser\/","title":{"rendered":"Klubbens organisering og rollebeskrivelser"},"content":{"rendered":"\t\t<div data-elementor-type=\"wp-page\" data-elementor-id=\"544\" class=\"elementor elementor-544\" data-elementor-settings=\"[]\">\n\t\t\t\t\t\t\t<div class=\"elementor-section-wrap\">\n\t\t\t\t\t\t\t<section class=\"penci-section penci-disSticky penci-structure-10 elementor-section elementor-top-section elementor-element elementor-element-49223a6 elementor-section-boxed elementor-section-height-default elementor-section-height-default\" data-id=\"49223a6\" data-element_type=\"section\">\n\t\t\t\t\t\t<div class=\"elementor-container elementor-column-gap-default\">\n\t\t\t\t\t<div class=\"penci-ercol-100 penci-ercol-order-1 penci-sticky-ct  elementor-column elementor-col-100 elementor-top-column elementor-element elementor-element-0fbbb20\" data-id=\"0fbbb20\" data-element_type=\"column\">\n\t\t\t<div class=\"elementor-widget-wrap elementor-element-populated\">\n\t\t\t\t\t\t\t\t<div class=\"elementor-element elementor-element-965129f elementor-widget elementor-widget-text-editor\" data-id=\"965129f\" data-element_type=\"widget\" data-widget_type=\"text-editor.default\">\n\t\t\t\t<div class=\"elementor-widget-container\">\n\t\t\t\t\t\t\t<p><a href=\"https:\/\/mil-fotball.no\/klubbhandbok\/klubbens-organisering-og-rollebeskrivelse\"><strong>3. Klubbens organisering og rollebeskrivelser<\/strong><\/a><\/p><p style=\"padding-left: 40px;\"><a href=\"https:\/\/mil-fotball.no\/klubbhandbok\/klubbens-organisering-og-rollebeskrivelse#3-1\">3.1 Organisasjon<\/a><br \/><a href=\"https:\/\/mil-fotball.no\/klubbhandbok\/klubbens-organisering-og-rollebeskrivelse#3-2\">3.2 Rollebeskrivelser Klubb<\/a><\/p><p style=\"padding-left: 80px;\"><a href=\"https:\/\/mil-fotball.no\/klubbhandbok\/klubbens-organisering-og-rollebeskrivelse#3-2-1\">3.2.1 Sportslig leder<\/a><br \/><a href=\"https:\/\/mil-fotball.no\/klubbhandbok\/klubbens-organisering-og-rollebeskrivelse#3-2-2\">3.2.2 Trenerveileder<\/a><br \/><a href=\"https:\/\/mil-fotball.no\/klubbhandbok\/klubbens-organisering-og-rollebeskrivelse#3-2-3\">3.2.3 FIKS-ansvarlig<\/a><br \/><a href=\"https:\/\/mil-fotball.no\/klubbhandbok\/klubbens-organisering-og-rollebeskrivelse#3-2-4\">3.2.4 Kvalitetsklubbansvarlig<\/a><br \/><a href=\"https:\/\/mil-fotball.no\/klubbhandbok\/klubbens-organisering-og-rollebeskrivelse#3-2-5\">3.2.5 Oppstartsansvarlig\/rekrutteringsansvarlig<\/a><br \/><a href=\"https:\/\/mil-fotball.no\/klubbhandbok\/klubbens-organisering-og-rollebeskrivelse#3-2-6\">3.2.6 Politiattestansvarlig<\/a><br \/><a href=\"https:\/\/mil-fotball.no\/klubbhandbok\/klubbens-organisering-og-rollebeskrivelse#3-2-7\">3.2.7 Dommeransvarlig<\/a><br \/><a href=\"https:\/\/mil-fotball.no\/klubbhandbok\/klubbens-organisering-og-rollebeskrivelse#3-2-8\">3.2.8 Fair Play ansvarlig<\/a><\/p>\t\t\t\t\t\t<\/div>\n\t\t\t\t<\/div>\n\t\t\t\t<div class=\"elementor-element elementor-element-5716834 elementor-widget elementor-widget-spacer\" data-id=\"5716834\" data-element_type=\"widget\" data-widget_type=\"spacer.default\">\n\t\t\t\t<div class=\"elementor-widget-container\">\n\t\t\t\t\t<div class=\"elementor-spacer\">\n\t\t\t<div class=\"elementor-spacer-inner\"><\/div>\n\t\t<\/div>\n\t\t\t\t<\/div>\n\t\t\t\t<\/div>\n\t\t\t\t\t<\/div>\n\t\t<\/div>\n\t\t\t\t\t\t\t<\/div>\n\t\t<\/section>\n\t\t\t\t<section class=\"penci-section penci-disSticky penci-structure-10 elementor-section elementor-top-section elementor-element elementor-element-71c5a79 elementor-section-boxed elementor-section-height-default elementor-section-height-default\" data-id=\"71c5a79\" data-element_type=\"section\">\n\t\t\t\t\t\t<div class=\"elementor-container elementor-column-gap-default\">\n\t\t\t\t\t<div class=\"penci-ercol-100 penci-ercol-order-1 penci-sticky-ct  elementor-column elementor-col-100 elementor-top-column elementor-element elementor-element-4314eb4\" data-id=\"4314eb4\" data-element_type=\"column\">\n\t\t\t<div class=\"elementor-widget-wrap elementor-element-populated\">\n\t\t\t\t\t\t\t\t<div class=\"elementor-element elementor-element-9cd61b5 elementor-widget elementor-widget-text-editor\" data-id=\"9cd61b5\" data-element_type=\"widget\" data-widget_type=\"text-editor.default\">\n\t\t\t\t<div class=\"elementor-widget-container\">\n\t\t\t\t\t\t\t<p><a name=\"3-0\"><\/a><strong>3.0 Klubbens organisering og rollebeskrivelser<\/strong><\/p>\t\t\t\t\t\t<\/div>\n\t\t\t\t<\/div>\n\t\t\t\t<div class=\"elementor-element elementor-element-ca815f1 elementor-widget elementor-widget-text-editor\" data-id=\"ca815f1\" data-element_type=\"widget\" data-widget_type=\"text-editor.default\">\n\t\t\t\t<div class=\"elementor-widget-container\">\n\t\t\t\t\t\t\t<p><a name=\"3-1\"><\/a><strong>3.1 Organisasjon<\/strong><\/p><p>Organisasjonskart MIL fotball<\/p>\t\t\t\t\t\t<\/div>\n\t\t\t\t<\/div>\n\t\t\t\t<div class=\"elementor-element elementor-element-4bf91e5 elementor-widget elementor-widget-image\" data-id=\"4bf91e5\" data-element_type=\"widget\" data-widget_type=\"image.default\">\n\t\t\t\t<div class=\"elementor-widget-container\">\n\t\t\t\t\t\t\t\t\t\t\t\t\t\t\t<img loading=\"lazy\" decoding=\"async\" width=\"1024\" height=\"724\" src=\"https:\/\/mil-fotball.no\/klubbhandbok\/wp-content\/uploads\/2021\/06\/org-kart-1024x724.jpg\" class=\"attachment-large size-large\" alt=\"\" srcset=\"https:\/\/mil-fotball.no\/klubbhandbok\/wp-content\/uploads\/2021\/06\/org-kart-1024x724.jpg 1024w, https:\/\/mil-fotball.no\/klubbhandbok\/wp-content\/uploads\/2021\/06\/org-kart-300x212.jpg 300w, https:\/\/mil-fotball.no\/klubbhandbok\/wp-content\/uploads\/2021\/06\/org-kart-768x543.jpg 768w, https:\/\/mil-fotball.no\/klubbhandbok\/wp-content\/uploads\/2021\/06\/org-kart-1170x827.jpg 1170w, https:\/\/mil-fotball.no\/klubbhandbok\/wp-content\/uploads\/2021\/06\/org-kart-585x414.jpg 585w, https:\/\/mil-fotball.no\/klubbhandbok\/wp-content\/uploads\/2021\/06\/org-kart.jpg 1184w\" sizes=\"auto, (max-width: 1024px) 100vw, 1024px\" \/>\t\t\t\t\t\t\t\t\t\t\t\t\t\t\t<\/div>\n\t\t\t\t<\/div>\n\t\t\t\t<div class=\"elementor-element elementor-element-063aea1 elementor-widget elementor-widget-text-editor\" data-id=\"063aea1\" data-element_type=\"widget\" data-widget_type=\"text-editor.default\">\n\t\t\t\t<div class=\"elementor-widget-container\">\n\t\t\t\t\t\t\t<p><a name=\"3-2\"><\/a><strong>3.2 Rollebeskrivelser Klubb<\/strong><\/p><p>I klubben er det mange n\u00f8kkelroller innenfor de ulike omr\u00e5der i klubbdriften. Her beskrives de ulike rollene med de viktigste oppgavene.<\/p><p><a name=\"3-2-1\"><\/a><strong>3.2.1 Sportslig leder<\/strong><\/p><ul><li>Ansvarlig for den sportslige helheten i MIL fotball<\/li><li>Ansvarlig for sportsplanen.<\/li><li>Implementering av sportsplanen til trenere i MIL fotball<\/li><li>Ansvarlig for planlegging og gjennomf\u00f8ring av trenerforum<\/li><li>Har det overordnede ansvaret for at lagene i klubben f\u00e5r tildelt sine rettmessige treningstider ved kommunale idrettsanlegg<\/li><li>Har det overordnende ansvaret for p\u00e5melding av lag til seriespill og NM<\/li><li>Har det overordnede ansvaret for oppstart av nye lag. Se egen rollebeskrivelse for oppstartsansvarlig\/rekrutteringsansvarlig<\/li><li>Har det overordnende ansvaret for etablering av trenerteam til klubbens lag.<\/li><li>Overgangsansvarlig<\/li><li>Ansvar for spillerutviklingstiltakene v\u00e5re: Sammen om utvikling og MIL-akademiet.<\/li><\/ul><p><a name=\"3-2-2\"><\/a><strong>3.2.2 Trenerveileder<\/strong><\/p><p>Trenerveileder har sammen med sportslig leder har ansvar \u00e5 f\u00f8lge opp MIL fotballs sportsplan i den organiserte aktiviteten til klubben. Trenerveileder skal ogs\u00e5 v\u00e6re med p\u00e5 revidering og videreutvikling av sportsplanen som skal legge f\u00f8ringer p\u00e5 utformingen av det sportslige tilbudet i MIL fotball.<\/p><p><strong>Rollebeskrivelse og arbeidsoppgaver<\/strong><\/p><p>Klubben skal ha en trenerveileder registrert i FIKS med definerte ansvarsomr\u00e5der og overordnet ansvar for oppf\u00f8lging av trenerne i klubben.<\/p><p>Hensikten med en trenerveileder er \u00e5 v\u00e6re trenernes trener og i tillegg p\u00e5se at klubbens verdigrunnlag og sportslig retning gjennomf\u00f8res p\u00e5 forskjellige \u00e5rganger og lag. Trenerveileder skal rapportere til sportslig leder.<\/p><p>Det er \u00f8nskelig at klubbens trenerveiledere har gjennomf\u00f8rt NFF sitt trenerveilederkurs, men det viktigste for oss er \u00e5 finne en person som er godt egnet til de oppgavene en trenerveileder utf\u00f8rer.<\/p><p>a) Trenerveileder skal v\u00e6re veileder for v\u00e5re lag i barne- og ungdomsfotballen. Det er \u00f8nskelig at alle trenerne f\u00e5r en periode i \u00e5ret med oppf\u00f8lging fra veileder. Veileder bestemmer selv hvordan dette skal organiseres. Men et minimum er ett bes\u00f8k p\u00e5 hvert av v\u00e5re lag b\u00e5de v\u00e5r og h\u00f8st. Det er ogs\u00e5 \u00f8nskelig med observasjon under en kamp i l\u00f8pet av \u00e5ret. Plan over dette meldes til sportslig leder i klubben.<br \/>b) Trenerveileder har ansvar for oppf\u00f8lging av alle trenere p\u00e5 nevnte lag. M\u00e5lsettingen med denne oppf\u00f8lgingen av trenere, skal v\u00e6re at trenerne i klubben v\u00e5r skal f\u00f8le seg sett, ha en samtalepartner\/r\u00e5dgiver rundt trenerjobben. Det er viktig at trenerne v\u00e5re ser positive verdier i dette samarbeidet. Vi \u00f8nsker ikke at trenerne skal f\u00f8le at trenerveileder er der for \u00e5 overv\u00e5ke \u00e5 finne feil.<br \/>c) Arbeidsomr\u00e5der:<\/p><ul><li>Trenersamtalen.<\/li><li>Utvikling av sportslig kompetanse i klubben.<\/li><li>F\u00f8lge opp at lagene bruker sportsplan i det daglige arbeidet.<\/li><li>Rapportering av arbeid til ledelse.<\/li><li>Trenerveileder er ansvarlig for \u00e5 drifte etter visjoner, m\u00e5lsettinger og retningslinjer som klubben har.<\/li><\/ul><p><a name=\"3-2-3\"><\/a><strong>3.2.3 FIKS-ansvarlig<\/strong><\/p><p>Alle klubber m\u00e5 forholde seg til NFFs administrative datasystem FIKS, Fotballens informasjons og kommunikasjonssystem. Dette er et IT- verkt\u00f8y som er ment \u00e5 forenkle klubbhverdagen ved \u00e5 gj\u00f8re det enklere for klubben \u00e5 utf\u00f8re viktige administrative arbeidsoppgaver.<\/p><p>MIL Fotball skal benytte FIKS til \u00e5 melde p\u00e5 lag til seriespill, sikre at spillere er registrert og forsikret, og til \u00e5 registrere elektroniske kamprapporter. MIL Fotball skal ha en som innehar rollen FIKS- ansvarlig.<\/p><p>FIKS ansvarliges organisatoriske tilknytning er til daglig leder i MIL Fotball som rapporterer til styret.<\/p><p><strong>Hovedansvarsomr\u00e5der<\/strong><\/p><ul><li>Forankring \u2013 p\u00e5se at n\u00f8dvendige personer (trenere, lagledere, andre) til enhver tid kjenner til p\u00e5krevde FIKS- oppgaver slik at FIKS blir en naturlig del av klubbens hverdag<\/li><li>Brukeradministrasjon \u2013 p\u00e5se at MIL Fotball til enhver tid har personer med n\u00f8dvendige tilganger til FIKS.<\/li><\/ul><p><strong>Arbeidsoppgaver<\/strong><\/p><ul><li>Oppdatere, vedlikeholde og ajourf\u00f8re FIKS (fotballens informasjon- og kommunikasjonssystem)<\/li><li>Kontrollere at lag og personer er oppdatert med n\u00f8dvendige tilganger.<\/li><li>V\u00e6re superbruker og oppl\u00e6ringsansvarlig for andre i klubben.<\/li><\/ul><p><a name=\"3-2-4\"><\/a><strong>3.2.4 Kvalitetsklubbansvarlig<\/strong><\/p><p>Hensikten med kvalitetsklubbansvarlig er \u00e5 sikre Mosj\u00f8en IL sitt fokus og kvalitet p\u00e5 oppgavene tilknyttet konseptet kvalitetsklubb. Det er viktig at noen holder oversikt over arbeidet med kvalitetsklubb og arbeidet med planer og utvikling s\u00e5 vi som klubb er sikre p\u00e5 at dette gjennomf\u00f8res med kvalitet. Kvalitetsklubbansvarlig skal s\u00f8rge for at konseptet blir fulgt opp og kommuniserer det med klubbens medlemmer, aktive og de frivillige.<\/p><p>Kvalitetsklubbsansvarlig organisatoriske tilknytning er til daglig leder i MIL Fotball som rapporterer til styret. Dette gj\u00f8res kontinuerlig gjennom hele \u00e5ret og blir jevnlig tatt opp p\u00e5 styrem\u00f8ter i regi av MIL Fotball.<\/p><p><strong>Kvalitetsklubbansvarlig skal:<\/strong><\/p><ul><li>Ha inng\u00e5ende kunnskap om konseptet og v\u00e6re p\u00e5driver for \u00e5 kommunisere hva Norges Fotballforbund legger i god kvalitet i klubbens planverk i praksis.<\/li><li>V\u00e6re klubbens overordnede kontaktperson mot krets og forbund p\u00e5 sp\u00f8rsm\u00e5l knyttet til konseptet.<\/li><li>F\u00f8lge opp de standarder som er satt i systemet med tanke p\u00e5 implementering og etterlevelse av klubbens verdiarbeid i praksis.<\/li><li>Sette kvalitetsklubbkonseptet p\u00e5 agendaen til styret slik at man etterlever de retningslinjene som er lagt<\/li><li>F\u00f8lge opp og utbedre eventuelle avvik fra kriteriesettet.<\/li><li>V\u00e6re ansvarlig og p\u00e5driver for gjennomf\u00f8ring av egenmelding<\/li><\/ul><p><a name=\"3-2-5\"><\/a><strong>3.2.5 Oppstartsansvarlig\/Rekrutteringsansvarlig<\/strong><\/p><p>MIL fotball er ansvarlig for \u00e5 informere 1.trinn ved Mosj\u00f8en skole om tilbudet de har ved \u00e5 begynne \u00e5 spille organisert fotball.<\/p><p>Rekrutteringsansvarlig sin organisatoriske tilknytning er daglig leder som igjen rapporterer til styret.<\/p><p><strong>Steg 1: \u00abVelkommen til fotball\u00bb<\/strong><\/p><p>Oktober\/november<\/p><p>Klubben sender informasjonsskriv til Mosj\u00f8en skole og ber de distribuere skrivet til samtlige elever p\u00e5 f\u00f8rste trinn.<br \/>Innhold i brevet:<\/p><ul><li>Kort info om MIL<\/li><li>Hva forventes av deltagelse som f\u00f8rste \u00e5rs miniputter (antall treninger, cup-deltakelse og hvordan<br \/>seriespill fungerer, dugnader)<\/li><li>St\u00f8rrelsen p\u00e5 treningsavgift\/kontingent.<\/li><li>Omtrentlig oppstartdato<\/li><li>Interesserte gir tilbakemelding p\u00e5 epost til MIL fotball<\/li><\/ul><p><strong>Steg 2: Foreldrem\u00f8te<\/strong><\/p><p>Desember<\/p><p>Tema p\u00e5 oppstartsm\u00f8te:<\/p><ul><li>Presentasjon av klubb og dens verdigrunnlag<\/li><li>Gjennomgang av klubbens sportsplan med fokus p\u00e5 denne m\u00e5lgruppen<\/li><li>Vilk\u00e5r og rettigheter for medlemskap<\/li><li>Plikter (dugnader, \u00f8konomistyring osv)<\/li><li>Valg av trenere og foreldrekontakter for den nye treningsgruppen<\/li><\/ul><p><strong>Steg 3: Felles oppstartstrening<\/strong><\/p><p>Januar<\/p><ul><li>F\u00f8rste trening<\/li><li>Rekrutteringsansvarlig fra klubben er til stede p\u00e5 f\u00f8rste trening og deler ut gaver fra Generalsponsor.<\/li><\/ul><p><strong>Fotballskolen<\/strong><\/p><p>I tillegg arrangerer klubben hvert \u00e5r fotballskolen i slutten av juni. Her deltar ca. 150 gutter og jenter fra hele kommunen. Under fotballskolen er det blant annet mulighet til \u00e5 ta minimerket og teknikkmerket. Instrukt\u00f8rer under fotballskolen er prim\u00e6rt spillere fra eget a-lag og juniorlag. M\u00e5let med fotballskolen er \u00e5 skape aktivitet og her \u00e5pner vi ogs\u00e5 opp for at gutter og jenter som ikke spiller organisert fotball kan melde seg p\u00e5. Forh\u00e5pentligvis f\u00f8rer dette til rekrutering av spillere til alle klubbene i kommunen v\u00e5r. V\u00e5r rekrutteringsansvarlig har ansvar for gjennomf\u00f8ring av fotballskolen.<\/p><p><a name=\"3-2-6\"><\/a><strong>3.2.6 Politiattestansvarlig<\/strong><\/p><p>Hensikten med politiattestansvarlig er \u00e5 s\u00f8rge for at alle ansatte og frivillige som skal utf\u00f8re oppgaver for idrettslaget som inneb\u00e6rer et tillits- eller ansvarsforhold overfor mindre\u00e5rige eller mennesker med utviklingshemming skal avkreves politiattest.<\/p><p>I MIL fotball er det daglig leder som har denne rollen.<\/p><p><strong>Hovedansvar<\/strong><\/p><p>P\u00e5se at alle med tillitsverv fremviser politiattest.<br \/>Holde oversikt over hvem som har fremvist godkjent attest og fortl\u00f8pende oppdatere klubbens politiattest database.<\/p><p><strong>Oppgaver som politiattestansvarlig<\/strong><\/p><ul><li>Ta kontakt med personer som er nye i aktuelle tillitsverv f\u00f8r hver sesong.<\/li><li>Skal informere alle trenere, lagledere og andre med roller som inneb\u00e6rer et tillits- og ansvarsforhold overfor mindre\u00e5rige, om NFF og Idrettsforbundets krav om politiattest.<\/li><li>Veilede og informere om s\u00f8knadsrutiner for politiattest.<\/li><li>V\u00e6re tilgjengelig for fremvisning av godkjent attest.<\/li><li>Rapportere til politiattestansvarlig i MIL hovedlag<\/li><\/ul><p><a name=\"3-2-7\"><\/a><strong>3.2.7 Dommeransvarlig<\/strong><\/p><p>Dommeransvarlig sin hovedoppgave er \u00e5 v\u00e6re et bindeledd for klubbens dommere og tilby oppf\u00f8lging og veiledning av dommere i samr\u00e5d med kretsen.<\/p><p>Dommeransvarlig skal videre bidra til \u00e5 rekruttere flere dommere i klubben og legge til rette for arenaer for erfaringsutveksling og utvikling.<\/p><p>Dommeransvarliges organisatoriske tilknytning er til daglig leder i MIL Fotball som rapporterer til styret.<\/p><p><strong>Oppgaver for dommeransvarlig:<\/strong><\/p><ul><li>Koordinere, lede og planlegge virksomheten som gjelder dommergjerningen i MIL fotball.<\/li><li>Kontaktperson opp mot Nordland fotballkrets.<\/li><li>Ansvar for p\u00e5melding til dommerkurs.<\/li><li>Oppl\u00e6ring og gi informasjon om regler og retningslinjer til spillere og trenere f\u00f8r hver sesong.<\/li><li>F\u00f8lge opp dommere f\u00f8r, under og etter sesong med informasjon og rettledning.<\/li><\/ul><p><a name=\"3-2-8\"><\/a><strong>3.2.8 Fair Play ansvarlig<\/strong><\/p><p>Klubben skal ha en dedikert Fair Play ansvarlig registrert i FIKS med definerte ansvarsomr\u00e5der og overordnet ansvar for utvikling, planlegging og gjennomf\u00f8ring av Fair Play arbeid i MIL Fotball.<\/p><p>Hensikten og m\u00e5lsettingen er \u00e5 utvikle, forankre og synliggj\u00f8re fotballgruppas aktiviteter innen Fair Play mot egne medlemmer, lokalmilj\u00f8, samarbeidspartnere og sponsorer.<\/p><p>Fair Play ansvarlig organisatoriske tilknytning er til daglig leder i MIL Fotball som rapporterer til styret.<\/p><p>Fair Play handler ikke bare om gule og r\u00f8de kort. Fair Play handler ogs\u00e5 om hvordan vi oppf\u00f8rer oss mot hverandre. Det er viktig at b\u00e5de spillere, trenere, dommere, lagledere og foreldre\/foresatte engasjerer seg og bidrar til at vi har et fotballmilj\u00f8 preget av trivsel og trygghet.<\/p><p><strong>Klubbens Fair Play ansvarlig skal:<\/strong><\/p><ul><li>Fair Play ansvarlig sin viktigste oppgave er \u00e5 ha god kontakt og godt samarbeid med klubbens lagledere, trenere og medlemmer. Vi skal alltid ha fokus p\u00e5 \u00e5 utvikle \u00abden bl\u00e5 spilleren\u00bb<\/li><li>Sammen med foreldrekontaktene s\u00f8rge for at alle lag stiller med kampverter til sine hjemmekamper.<\/li><li>S\u00f8rge for at alle lag gjennomf\u00f8rer Fair Play hilsen f\u00f8r og etter kamp.<\/li><li>Delta p\u00e5 foreldre- og trenerm\u00f8ter for \u00e5 forankre klubbens Fair Play arbeid og engasjere foreldre og trenere til \u00e5 ha fokus p\u00e5 Fair Play.<\/li><li>S\u00f8rge for at foreldrevettreglene blir etterlevd.<\/li><li>S\u00f8rge for profilering av Fair Play p\u00e5 klubbens baner\/anlegg.<\/li><li>Bist\u00e5 lagledere og trenere ved \u00e5 arrangere samtaler ved grove overtredelser p\u00e5 Fair Play reglene.<\/li><li>Avholde Fair Play kvelder for spillere i barne- og ungdomsfotballen.<\/li><\/ul>\t\t\t\t\t\t<\/div>\n\t\t\t\t<\/div>\n\t\t\t\t\t<\/div>\n\t\t<\/div>\n\t\t\t\t\t\t\t<\/div>\n\t\t<\/section>\n\t\t\t\t\t\t<\/div>\n\t\t\t\t\t<\/div>\n\t\t","protected":false},"excerpt":{"rendered":"<p>3. Klubbens organisering og rollebeskrivelser 3.1 Organisasjon3.2 Rollebeskrivelser Klubb 3.2.1 Sportslig leder3.2.2 Trenerveileder3.2.3 FIKS-ansvarlig3.2.4 Kvalitetsklubbansvarlig3.2.5 Oppstartsansvarlig\/rekrutteringsansvarlig3.2.6 Politiattestansvarlig3.2.7 Dommeransvarlig3.2.8 Fair Play ansvarlig 3.0 Klubbens organisering og rollebeskrivelser 3.1 Organisasjon Organisasjonskart MIL&hellip;<\/p>\n","protected":false},"author":1,"featured_media":0,"parent":0,"menu_order":0,"comment_status":"closed","ping_status":"closed","template":"","meta":{"footnotes":""},"class_list":["post-544","page","type-page","status-publish","hentry"],"_links":{"self":[{"href":"https:\/\/mil-fotball.no\/klubbhandbok\/wp-json\/wp\/v2\/pages\/544","targetHints":{"allow":["GET"]}}],"collection":[{"href":"https:\/\/mil-fotball.no\/klubbhandbok\/wp-json\/wp\/v2\/pages"}],"about":[{"href":"https:\/\/mil-fotball.no\/klubbhandbok\/wp-json\/wp\/v2\/types\/page"}],"author":[{"embeddable":true,"href":"https:\/\/mil-fotball.no\/klubbhandbok\/wp-json\/wp\/v2\/users\/1"}],"replies":[{"embeddable":true,"href":"https:\/\/mil-fotball.no\/klubbhandbok\/wp-json\/wp\/v2\/comments?post=544"}],"version-history":[{"count":10,"href":"https:\/\/mil-fotball.no\/klubbhandbok\/wp-json\/wp\/v2\/pages\/544\/revisions"}],"predecessor-version":[{"id":628,"href":"https:\/\/mil-fotball.no\/klubbhandbok\/wp-json\/wp\/v2\/pages\/544\/revisions\/628"}],"wp:attachment":[{"href":"https:\/\/mil-fotball.no\/klubbhandbok\/wp-json\/wp\/v2\/media?parent=544"}],"curies":[{"name":"wp","href":"https:\/\/api.w.org\/{rel}","templated":true}]}}