{"id":546,"date":"2021-06-17T19:35:34","date_gmt":"2021-06-17T19:35:34","guid":{"rendered":"https:\/\/mil-fotball.no\/klubbhandbok\/?page_id=546"},"modified":"2021-06-18T13:02:11","modified_gmt":"2021-06-18T13:02:11","slug":"lagenes-organisering","status":"publish","type":"page","link":"https:\/\/mil-fotball.no\/klubbhandbok\/lagenes-organisering\/","title":{"rendered":"Lagenes organisering"},"content":{"rendered":"\t\t<div data-elementor-type=\"wp-page\" data-elementor-id=\"546\" class=\"elementor elementor-546\" data-elementor-settings=\"[]\">\n\t\t\t\t\t\t\t<div class=\"elementor-section-wrap\">\n\t\t\t\t\t\t\t<section class=\"penci-section penci-disSticky penci-structure-10 elementor-section elementor-top-section elementor-element elementor-element-ad6da88 elementor-section-boxed elementor-section-height-default elementor-section-height-default\" data-id=\"ad6da88\" data-element_type=\"section\">\n\t\t\t\t\t\t<div class=\"elementor-container elementor-column-gap-default\">\n\t\t\t\t\t<div class=\"penci-ercol-100 penci-ercol-order-1 penci-sticky-ct  elementor-column elementor-col-100 elementor-top-column elementor-element elementor-element-d6c2aa5\" data-id=\"d6c2aa5\" data-element_type=\"column\">\n\t\t\t<div class=\"elementor-widget-wrap elementor-element-populated\">\n\t\t\t\t\t\t\t\t<div class=\"elementor-element elementor-element-e2aa2ee elementor-widget elementor-widget-text-editor\" data-id=\"e2aa2ee\" data-element_type=\"widget\" data-widget_type=\"text-editor.default\">\n\t\t\t\t<div class=\"elementor-widget-container\">\n\t\t\t\t\t\t\t<p><a href=\"https:\/\/mil-fotball.no\/klubbhandbok\/lagenes-organisering\"><strong>4. Lagenes organisering<\/strong><\/a><\/p><p style=\"padding-left: 40px;\"><a href=\"https:\/\/mil-fotball.no\/klubbhandbok\/lagenes-organisering#4-1\">4.1 Trenere og st\u00f8tteapparat rundt lagene<\/a><\/p>\t\t\t\t\t\t<\/div>\n\t\t\t\t<\/div>\n\t\t\t\t<div class=\"elementor-element elementor-element-64df918 elementor-widget elementor-widget-spacer\" data-id=\"64df918\" data-element_type=\"widget\" data-widget_type=\"spacer.default\">\n\t\t\t\t<div class=\"elementor-widget-container\">\n\t\t\t\t\t<div class=\"elementor-spacer\">\n\t\t\t<div class=\"elementor-spacer-inner\"><\/div>\n\t\t<\/div>\n\t\t\t\t<\/div>\n\t\t\t\t<\/div>\n\t\t\t\t\t<\/div>\n\t\t<\/div>\n\t\t\t\t\t\t\t<\/div>\n\t\t<\/section>\n\t\t\t\t<section class=\"penci-section penci-disSticky penci-structure-10 elementor-section elementor-top-section elementor-element elementor-element-c3dec2f elementor-section-boxed elementor-section-height-default elementor-section-height-default\" data-id=\"c3dec2f\" data-element_type=\"section\">\n\t\t\t\t\t\t<div class=\"elementor-container elementor-column-gap-default\">\n\t\t\t\t\t<div class=\"penci-ercol-100 penci-ercol-order-1 penci-sticky-ct  elementor-column elementor-col-100 elementor-top-column elementor-element elementor-element-55eb59d\" data-id=\"55eb59d\" data-element_type=\"column\">\n\t\t\t<div class=\"elementor-widget-wrap elementor-element-populated\">\n\t\t\t\t\t\t\t\t<div class=\"elementor-element elementor-element-5652038 elementor-widget elementor-widget-text-editor\" data-id=\"5652038\" data-element_type=\"widget\" data-widget_type=\"text-editor.default\">\n\t\t\t\t<div class=\"elementor-widget-container\">\n\t\t\t\t\t\t\t<a name=\"4-0\"><\/a><strong>4.0 Lagenes organisering<\/strong>\t\t\t\t\t\t<\/div>\n\t\t\t\t<\/div>\n\t\t\t\t<div class=\"elementor-element elementor-element-127160e elementor-widget elementor-widget-text-editor\" data-id=\"127160e\" data-element_type=\"widget\" data-widget_type=\"text-editor.default\">\n\t\t\t\t<div class=\"elementor-widget-container\">\n\t\t\t\t\t\t\t<p>MIL fotball anbefaler alle v\u00e5re lag \u00e5 ha opprettet en foreldregruppe\/st\u00f8tteapparat rundt laget. Erfaringene viser at lag med et bredt st\u00f8tteapparat der flere avlaster hverandre fungerer best. En engasjert foreldregruppe\/st\u00f8tteapparat medf\u00f8rer at spillerne er aktive lengre i klubben.<\/p><p><a name=\"4-1\"><\/a><strong>4.1 Trenere og st\u00f8tteapparat rundt lagene<\/strong><\/p><p>Alle lag b\u00f8r ha:<\/p><ul><li>Hovedtrener<\/li><li>Hjelpetrener\/assistenter<\/li><li>Foreldrekontakt<\/li><li>\u00d8konomiansvarlig<\/li><\/ul><p>Se trenerh\u00e5ndbok og sportsplan for barne- og ungdomsfotballen for utfyllende informasjon om de enkelte roller.<\/p>\t\t\t\t\t\t<\/div>\n\t\t\t\t<\/div>\n\t\t\t\t\t<\/div>\n\t\t<\/div>\n\t\t\t\t\t\t\t<\/div>\n\t\t<\/section>\n\t\t\t\t\t\t<\/div>\n\t\t\t\t\t<\/div>\n\t\t","protected":false},"excerpt":{"rendered":"<p>4. Lagenes organisering 4.1 Trenere og st\u00f8tteapparat rundt lagene 4.0 Lagenes organisering MIL fotball anbefaler alle v\u00e5re lag \u00e5 ha opprettet en foreldregruppe\/st\u00f8tteapparat rundt laget. Erfaringene viser at lag med&hellip;<\/p>\n","protected":false},"author":1,"featured_media":0,"parent":0,"menu_order":0,"comment_status":"closed","ping_status":"closed","template":"","meta":{"footnotes":""},"class_list":["post-546","page","type-page","status-publish","hentry"],"_links":{"self":[{"href":"https:\/\/mil-fotball.no\/klubbhandbok\/wp-json\/wp\/v2\/pages\/546","targetHints":{"allow":["GET"]}}],"collection":[{"href":"https:\/\/mil-fotball.no\/klubbhandbok\/wp-json\/wp\/v2\/pages"}],"about":[{"href":"https:\/\/mil-fotball.no\/klubbhandbok\/wp-json\/wp\/v2\/types\/page"}],"author":[{"embeddable":true,"href":"https:\/\/mil-fotball.no\/klubbhandbok\/wp-json\/wp\/v2\/users\/1"}],"replies":[{"embeddable":true,"href":"https:\/\/mil-fotball.no\/klubbhandbok\/wp-json\/wp\/v2\/comments?post=546"}],"version-history":[{"count":7,"href":"https:\/\/mil-fotball.no\/klubbhandbok\/wp-json\/wp\/v2\/pages\/546\/revisions"}],"predecessor-version":[{"id":631,"href":"https:\/\/mil-fotball.no\/klubbhandbok\/wp-json\/wp\/v2\/pages\/546\/revisions\/631"}],"wp:attachment":[{"href":"https:\/\/mil-fotball.no\/klubbhandbok\/wp-json\/wp\/v2\/media?parent=546"}],"curies":[{"name":"wp","href":"https:\/\/api.w.org\/{rel}","templated":true}]}}