{"id":550,"date":"2021-06-17T19:36:53","date_gmt":"2021-06-17T19:36:53","guid":{"rendered":"https:\/\/mil-fotball.no\/klubbhandbok\/?page_id=550"},"modified":"2021-06-18T13:13:01","modified_gmt":"2021-06-18T13:13:01","slug":"utdanning-og-kompetanse","status":"publish","type":"page","link":"https:\/\/mil-fotball.no\/klubbhandbok\/utdanning-og-kompetanse\/","title":{"rendered":"Utdanning og kompetanse"},"content":{"rendered":"\t\t<div data-elementor-type=\"wp-page\" data-elementor-id=\"550\" class=\"elementor elementor-550\" data-elementor-settings=\"[]\">\n\t\t\t\t\t\t\t<div class=\"elementor-section-wrap\">\n\t\t\t\t\t\t\t<section class=\"penci-section penci-disSticky penci-structure-10 elementor-section elementor-top-section elementor-element elementor-element-a5ebaa6 elementor-section-boxed elementor-section-height-default elementor-section-height-default\" data-id=\"a5ebaa6\" data-element_type=\"section\">\n\t\t\t\t\t\t<div class=\"elementor-container elementor-column-gap-default\">\n\t\t\t\t\t<div class=\"penci-ercol-100 penci-ercol-order-1 penci-sticky-ct  elementor-column elementor-col-100 elementor-top-column elementor-element elementor-element-71066e5\" data-id=\"71066e5\" data-element_type=\"column\">\n\t\t\t<div class=\"elementor-widget-wrap elementor-element-populated\">\n\t\t\t\t\t\t\t\t<div class=\"elementor-element elementor-element-0590110 elementor-widget elementor-widget-text-editor\" data-id=\"0590110\" data-element_type=\"widget\" data-widget_type=\"text-editor.default\">\n\t\t\t\t<div class=\"elementor-widget-container\">\n\t\t\t\t\t\t\t<p><a href=\"https:\/\/mil-fotball.no\/klubbhandbok\/utdanning-og-kompetanse\"><strong>6. Utdanning og kompetanse<\/strong><\/a><\/p><p style=\"padding-left: 40px;\"><a href=\"https:\/\/mil-fotball.no\/klubbhandbok\/utdanning-og-kompetanse#6-1\">6.1 Kompetansekrav til trenere<\/a><br \/><a href=\"https:\/\/mil-fotball.no\/klubbhandbok\/utdanning-og-kompetanse#6-2\">6.2 Kompetansekrav til ledere<\/a><br \/><a href=\"https:\/\/mil-fotball.no\/klubbhandbok\/utdanning-og-kompetanse#6-3\">6.3 Dommerkurs<\/a><\/p>\t\t\t\t\t\t<\/div>\n\t\t\t\t<\/div>\n\t\t\t\t<div class=\"elementor-element elementor-element-a57540a elementor-widget elementor-widget-spacer\" data-id=\"a57540a\" data-element_type=\"widget\" data-widget_type=\"spacer.default\">\n\t\t\t\t<div class=\"elementor-widget-container\">\n\t\t\t\t\t<div class=\"elementor-spacer\">\n\t\t\t<div class=\"elementor-spacer-inner\"><\/div>\n\t\t<\/div>\n\t\t\t\t<\/div>\n\t\t\t\t<\/div>\n\t\t\t\t\t<\/div>\n\t\t<\/div>\n\t\t\t\t\t\t\t<\/div>\n\t\t<\/section>\n\t\t\t\t<section class=\"penci-section penci-disSticky penci-structure-10 elementor-section elementor-top-section elementor-element elementor-element-016f1f6 elementor-section-boxed elementor-section-height-default elementor-section-height-default\" data-id=\"016f1f6\" data-element_type=\"section\">\n\t\t\t\t\t\t<div class=\"elementor-container elementor-column-gap-default\">\n\t\t\t\t\t<div class=\"penci-ercol-100 penci-ercol-order-1 penci-sticky-ct  elementor-column elementor-col-100 elementor-top-column elementor-element elementor-element-f9e4d5f\" data-id=\"f9e4d5f\" data-element_type=\"column\">\n\t\t\t<div class=\"elementor-widget-wrap elementor-element-populated\">\n\t\t\t\t\t\t\t\t<div class=\"elementor-element elementor-element-4e4e6d6 elementor-widget elementor-widget-text-editor\" data-id=\"4e4e6d6\" data-element_type=\"widget\" data-widget_type=\"text-editor.default\">\n\t\t\t\t<div class=\"elementor-widget-container\">\n\t\t\t\t\t\t\t<p><a name=\"6-0\"><\/a><strong>6.0 Utdanning og kompetanse<\/strong><\/p>\t\t\t\t\t\t<\/div>\n\t\t\t\t<\/div>\n\t\t\t\t<div class=\"elementor-element elementor-element-80f95c5 elementor-widget elementor-widget-text-editor\" data-id=\"80f95c5\" data-element_type=\"widget\" data-widget_type=\"text-editor.default\">\n\t\t\t\t<div class=\"elementor-widget-container\">\n\t\t\t\t\t\t\t<p>Kompetanse og utdanning og er et veldig viktig satsningsomr\u00e5de for MIL Fotball. Dette gjelder b\u00e5de for ledere, trenere, dommere og \u00f8vrige roller der kompetanse er avgj\u00f8rende.<\/p><p>Kriteriene for utdanning\/kompetanse i kvalitetsklubbsystemet gir klubben f\u00f8ringer. Som kvalitetsklubb skal vi til enhver tid jobbe for \u00e5 v\u00e6re innenfor disse kravene for kompetanse, og at vi har god kompetanse i n\u00f8kkelroller.<\/p><p>NFF har en rekke utdanningstilbud. Som klubb \u00f8nsker vi \u00e5 tilrettelegge at klubbens ledere, trenere, dommere og \u00f8vrige tillitsvalgte f\u00e5r den kompetansen vervet krever.<\/p><p>MIL Fotball har lagd en kompetanseplan som til enhver tid gir oversikt over kompetanseniv\u00e5 p\u00e5 klubbens ledere, trenere etc. Det gir ogs\u00e5 et godt utgangspunkt for v\u00e5r jobb med \u00e5 hele tiden planlegge og tilrettelegge fremtidig skolering av ledere\/trenere med manglende kompetanse eller de som vil \u00f8ke sin kompetanse.<\/p><p><a name=\"6-1\"><\/a><strong>6.1 Kompetansekrav til trenere<\/strong><\/p><p>Hovedtrenerne til lagene har en viktig rolle. Med tanke p\u00e5 at klubben er en del av NFFs kvalitetsklubbprosjekt har vi f\u00f8lgende kompetansekrav til trenerne for v\u00e5re lag:<\/p><p><strong>Barnefotball 6-12 \u00e5r<\/strong><\/p><p>En trener pr. lag med minimum ett delkurs fra NFF Grasrottreneren (Grasrottrener 1)<\/p><p><strong>Ungdomsfotball 13-19 \u00e5r<\/strong><\/p><p>En trener pr. lag med minimum to delkurs fra NFF Grasrottreneren (Grasrottrener 1 og 3)<\/p><p>Klubben skal informere trenere om aktuelle kurs. NFF grasrottreneren bekostes av klubb. Trenerne kan s\u00f8ke klubben om st\u00f8tte til videre trenerutdanning etter fullf\u00f8rt Grasrottrener.<\/p><p><a name=\"6-2\"><\/a><strong>6.2 Kompetansekrav til ledere<\/strong><\/p><p>Lederkompetanse er avgj\u00f8rende for god styring av klubben. Med tanke p\u00e5 at klubben er en del av NFFs kvalitetsklubbprosjekt har vi f\u00f8lgende kompetansekrav til v\u00e5re ledere og styremedlemmer:<\/p><p>Mosj\u00f8en IL fotball er en Kvalitetsklubb p\u00e5 niv\u00e5 1. Det krever at flertallet i klubben sitt styre skal ha NFF sitt Fotball lederkurs 1.<\/p><p><a name=\"6-3\"><\/a><strong>6.3 Dommerkurs<\/strong><\/p><p>Det er kretsens oppgave \u00e5 gi dommerne utdanning gjennom kurs. Rekrutteringsdommerkurs arrangeres lokalt tidlig i januar\/februar hvert \u00e5r. Klubben jobber aktivt for \u00e5 rekruttere nye dommere og pr\u00f8ver hvert \u00e5r \u00e5 f\u00e5 voksne personer til \u00e5 melde seg p\u00e5.<\/p>\t\t\t\t\t\t<\/div>\n\t\t\t\t<\/div>\n\t\t\t\t\t<\/div>\n\t\t<\/div>\n\t\t\t\t\t\t\t<\/div>\n\t\t<\/section>\n\t\t\t\t\t\t<\/div>\n\t\t\t\t\t<\/div>\n\t\t","protected":false},"excerpt":{"rendered":"<p>6. Utdanning og kompetanse 6.1 Kompetansekrav til trenere6.2 Kompetansekrav til ledere6.3 Dommerkurs 6.0 Utdanning og kompetanse Kompetanse og utdanning og er et veldig viktig satsningsomr\u00e5de for MIL Fotball. Dette gjelder&hellip;<\/p>\n","protected":false},"author":1,"featured_media":0,"parent":0,"menu_order":0,"comment_status":"closed","ping_status":"closed","template":"","meta":{"footnotes":""},"class_list":["post-550","page","type-page","status-publish","hentry"],"_links":{"self":[{"href":"https:\/\/mil-fotball.no\/klubbhandbok\/wp-json\/wp\/v2\/pages\/550","targetHints":{"allow":["GET"]}}],"collection":[{"href":"https:\/\/mil-fotball.no\/klubbhandbok\/wp-json\/wp\/v2\/pages"}],"about":[{"href":"https:\/\/mil-fotball.no\/klubbhandbok\/wp-json\/wp\/v2\/types\/page"}],"author":[{"embeddable":true,"href":"https:\/\/mil-fotball.no\/klubbhandbok\/wp-json\/wp\/v2\/users\/1"}],"replies":[{"embeddable":true,"href":"https:\/\/mil-fotball.no\/klubbhandbok\/wp-json\/wp\/v2\/comments?post=550"}],"version-history":[{"count":7,"href":"https:\/\/mil-fotball.no\/klubbhandbok\/wp-json\/wp\/v2\/pages\/550\/revisions"}],"predecessor-version":[{"id":638,"href":"https:\/\/mil-fotball.no\/klubbhandbok\/wp-json\/wp\/v2\/pages\/550\/revisions\/638"}],"wp:attachment":[{"href":"https:\/\/mil-fotball.no\/klubbhandbok\/wp-json\/wp\/v2\/media?parent=550"}],"curies":[{"name":"wp","href":"https:\/\/api.w.org\/{rel}","templated":true}]}}