{"id":554,"date":"2021-06-17T19:38:54","date_gmt":"2021-06-17T19:38:54","guid":{"rendered":"https:\/\/mil-fotball.no\/klubbhandbok\/?page_id=554"},"modified":"2021-06-18T13:16:47","modified_gmt":"2021-06-18T13:16:47","slug":"informasjon-kommunikasjon","status":"publish","type":"page","link":"https:\/\/mil-fotball.no\/klubbhandbok\/informasjon-kommunikasjon\/","title":{"rendered":"Informasjon\/ kommunikasjon"},"content":{"rendered":"\t\t<div data-elementor-type=\"wp-page\" data-elementor-id=\"554\" class=\"elementor elementor-554\" data-elementor-settings=\"[]\">\n\t\t\t\t\t\t\t<div class=\"elementor-section-wrap\">\n\t\t\t\t\t\t\t<section class=\"penci-section penci-disSticky penci-structure-10 elementor-section elementor-top-section elementor-element elementor-element-7ef4fbb elementor-section-boxed elementor-section-height-default elementor-section-height-default\" data-id=\"7ef4fbb\" data-element_type=\"section\">\n\t\t\t\t\t\t<div class=\"elementor-container elementor-column-gap-default\">\n\t\t\t\t\t<div class=\"penci-ercol-100 penci-ercol-order-1 penci-sticky-ct  elementor-column elementor-col-100 elementor-top-column elementor-element elementor-element-f638bcd\" data-id=\"f638bcd\" data-element_type=\"column\">\n\t\t\t<div class=\"elementor-widget-wrap elementor-element-populated\">\n\t\t\t\t\t\t\t\t<div class=\"elementor-element elementor-element-1590b61 elementor-widget elementor-widget-text-editor\" data-id=\"1590b61\" data-element_type=\"widget\" data-widget_type=\"text-editor.default\">\n\t\t\t\t<div class=\"elementor-widget-container\">\n\t\t\t\t\t\t\t<p><a href=\"https:\/\/mil-fotball.no\/klubbhandbok\/informasjon-kommunikasjon\"><strong>8. Informasjon\/kommunikasjon<\/strong><\/a><\/p><p style=\"padding-left: 40px;\"><a href=\"https:\/\/mil-fotball.no\/klubbhandbok\/informasjon-kommunikasjon#8-1\">8.1 Hjemmeside, sosiale medier og andre viktige informasjonskanaler<\/a><br \/><a href=\"https:\/\/mil-fotball.no\/klubbhandbok\/informasjon-kommunikasjon#8-2\">8.2 M\u00f8ter<\/a><\/p>\t\t\t\t\t\t<\/div>\n\t\t\t\t<\/div>\n\t\t\t\t<div class=\"elementor-element elementor-element-4c2c3d6 elementor-widget elementor-widget-spacer\" data-id=\"4c2c3d6\" data-element_type=\"widget\" data-widget_type=\"spacer.default\">\n\t\t\t\t<div class=\"elementor-widget-container\">\n\t\t\t\t\t<div class=\"elementor-spacer\">\n\t\t\t<div class=\"elementor-spacer-inner\"><\/div>\n\t\t<\/div>\n\t\t\t\t<\/div>\n\t\t\t\t<\/div>\n\t\t\t\t\t<\/div>\n\t\t<\/div>\n\t\t\t\t\t\t\t<\/div>\n\t\t<\/section>\n\t\t\t\t<section class=\"penci-section penci-disSticky penci-structure-10 elementor-section elementor-top-section elementor-element elementor-element-4b36c9e elementor-section-boxed elementor-section-height-default elementor-section-height-default\" data-id=\"4b36c9e\" data-element_type=\"section\">\n\t\t\t\t\t\t<div class=\"elementor-container elementor-column-gap-default\">\n\t\t\t\t\t<div class=\"penci-ercol-100 penci-ercol-order-1 penci-sticky-ct  elementor-column elementor-col-100 elementor-top-column elementor-element elementor-element-88baf43\" data-id=\"88baf43\" data-element_type=\"column\">\n\t\t\t<div class=\"elementor-widget-wrap elementor-element-populated\">\n\t\t\t\t\t\t\t\t<div class=\"elementor-element elementor-element-d6cc7e2 elementor-widget elementor-widget-text-editor\" data-id=\"d6cc7e2\" data-element_type=\"widget\" data-widget_type=\"text-editor.default\">\n\t\t\t\t<div class=\"elementor-widget-container\">\n\t\t\t\t\t\t\t<p><a name=\"8-0\"><\/a><strong>8.0 Informasjon\/kommunikasjon<\/strong><\/p>\t\t\t\t\t\t<\/div>\n\t\t\t\t<\/div>\n\t\t\t\t<div class=\"elementor-element elementor-element-35ec5c0 elementor-widget elementor-widget-text-editor\" data-id=\"35ec5c0\" data-element_type=\"widget\" data-widget_type=\"text-editor.default\">\n\t\t\t\t<div class=\"elementor-widget-container\">\n\t\t\t\t\t\t\t<p>Klubben har en rekke informasjonskanaler og m\u00f8ter for \u00e5 informere om klubbens virksomhet og aktivitet. De viktigste er som f\u00f8lger:<\/p><p><a name=\"8-1\"><\/a><strong>8.1 Hjemmeside, sosiale medier og andre viktige informasjonskanaler<\/strong><\/p><p>MIL fotball sin hjemmeside: <a href=\"http:\/\/www.mil-fotball.no\">www.mil-fotball.no<\/a><br \/>Kippermocupen sin hjemmeside: <a href=\"http:\/\/www.kippermocupen.cups.nu\">www.kippermocupen.cups.nu<\/a><\/p><p><strong>Sosiale medier:<\/strong><\/p><ul><li>Facebook: Mosj\u00f8en IL fotball<\/li><li>Instagram: Mosj\u00f8en IL fotball<\/li><li>Twitter: Mosj\u00f8en IL fotball<\/li><\/ul><p>FIKS (fotballens informasjon- og kommunikasjonssystem), NFF plattform. Se mer info her:<br \/><a href=\"http:\/\/www.fotball.no\/tema\/om-nff\/nffs-personvernerklaring\/fiks\/#Toppen\">www.fotball.no\/tema\/om-nff\/nffs-personvernerklaring\/fiks\/#Toppen<\/a><br \/><a href=\"http:\/\/www.trenings\u00f8kta.no\">www.trenings\u00f8kta.no<\/a>, NFF-plattform<br \/>NFFs hjemmeside: <a href=\"http:\/\/www.fotball.no\">www.fotball.no<\/a><br \/>NFF Nordlands hjemmeside: <a href=\"http:\/\/www.fotball.no\/kretser\/nordland\">www.fotball.no\/kretser\/nordland<\/a><br \/>Appen \u00abmin fotball\u00bb: Her finner man enkelt klubber, lag, terminlister og tabeller<\/p><p><a name=\"8-2\"><\/a><strong>8.2 M\u00f8ter<\/strong><\/p><ul><li>Klubbm\u00f8ter: M\u00f8te med hele organisasjonen i MIL fotball.<\/li><li>Trenerm\u00f8te\/trenerforum: M\u00f8te med daglig\/sportslig leder, trenerveileder og klubbens trenere.<\/li><li>Foreldrem\u00f8ter: M\u00f8te med trenere og lagenes foreldre.<\/li><li>Foreldrekontaktm\u00f8ter: M\u00f8te med daglig\/sportslig leder og lagenes foreldrekontakter.<\/li><li>Oppstartsm\u00f8ter: M\u00f8te med rekrutteringsansvarlig og foreldre til nye kull.<\/li><\/ul>\t\t\t\t\t\t<\/div>\n\t\t\t\t<\/div>\n\t\t\t\t\t<\/div>\n\t\t<\/div>\n\t\t\t\t\t\t\t<\/div>\n\t\t<\/section>\n\t\t\t\t\t\t<\/div>\n\t\t\t\t\t<\/div>\n\t\t","protected":false},"excerpt":{"rendered":"<p>8. Informasjon\/kommunikasjon 8.1 Hjemmeside, sosiale medier og andre viktige informasjonskanaler8.2 M\u00f8ter 8.0 Informasjon\/kommunikasjon Klubben har en rekke informasjonskanaler og m\u00f8ter for \u00e5 informere om klubbens virksomhet og aktivitet. De viktigste&hellip;<\/p>\n","protected":false},"author":1,"featured_media":0,"parent":0,"menu_order":0,"comment_status":"closed","ping_status":"closed","template":"","meta":{"footnotes":""},"class_list":["post-554","page","type-page","status-publish","hentry"],"_links":{"self":[{"href":"https:\/\/mil-fotball.no\/klubbhandbok\/wp-json\/wp\/v2\/pages\/554","targetHints":{"allow":["GET"]}}],"collection":[{"href":"https:\/\/mil-fotball.no\/klubbhandbok\/wp-json\/wp\/v2\/pages"}],"about":[{"href":"https:\/\/mil-fotball.no\/klubbhandbok\/wp-json\/wp\/v2\/types\/page"}],"author":[{"embeddable":true,"href":"https:\/\/mil-fotball.no\/klubbhandbok\/wp-json\/wp\/v2\/users\/1"}],"replies":[{"embeddable":true,"href":"https:\/\/mil-fotball.no\/klubbhandbok\/wp-json\/wp\/v2\/comments?post=554"}],"version-history":[{"count":10,"href":"https:\/\/mil-fotball.no\/klubbhandbok\/wp-json\/wp\/v2\/pages\/554\/revisions"}],"predecessor-version":[{"id":644,"href":"https:\/\/mil-fotball.no\/klubbhandbok\/wp-json\/wp\/v2\/pages\/554\/revisions\/644"}],"wp:attachment":[{"href":"https:\/\/mil-fotball.no\/klubbhandbok\/wp-json\/wp\/v2\/media?parent=554"}],"curies":[{"name":"wp","href":"https:\/\/api.w.org\/{rel}","templated":true}]}}