{"id":556,"date":"2021-06-17T19:39:09","date_gmt":"2021-06-17T19:39:09","guid":{"rendered":"https:\/\/mil-fotball.no\/klubbhandbok\/?page_id=556"},"modified":"2021-06-17T20:59:29","modified_gmt":"2021-06-17T20:59:29","slug":"rekrutteringsplan","status":"publish","type":"page","link":"https:\/\/mil-fotball.no\/klubbhandbok\/rekrutteringsplan\/","title":{"rendered":"Rekrutteringsplan"},"content":{"rendered":"\t\t<div data-elementor-type=\"wp-page\" data-elementor-id=\"556\" class=\"elementor elementor-556\" data-elementor-settings=\"[]\">\n\t\t\t\t\t\t\t<div class=\"elementor-section-wrap\">\n\t\t\t\t\t\t\t<section class=\"penci-section penci-disSticky penci-structure-10 elementor-section elementor-top-section elementor-element elementor-element-bc4c1b4 elementor-section-boxed elementor-section-height-default elementor-section-height-default\" data-id=\"bc4c1b4\" data-element_type=\"section\">\n\t\t\t\t\t\t<div class=\"elementor-container elementor-column-gap-default\">\n\t\t\t\t\t<div class=\"penci-ercol-100 penci-ercol-order-1 penci-sticky-ct  elementor-column elementor-col-100 elementor-top-column elementor-element elementor-element-d51b03f\" data-id=\"d51b03f\" data-element_type=\"column\">\n\t\t\t<div class=\"elementor-widget-wrap elementor-element-populated\">\n\t\t\t\t\t\t\t\t<div class=\"elementor-element elementor-element-8bb711c elementor-widget elementor-widget-text-editor\" data-id=\"8bb711c\" data-element_type=\"widget\" data-widget_type=\"text-editor.default\">\n\t\t\t\t<div class=\"elementor-widget-container\">\n\t\t\t\t\t\t\t<p><strong>9. Rekrutteringsplan<\/strong><\/p>\t\t\t\t\t\t<\/div>\n\t\t\t\t<\/div>\n\t\t\t\t<div class=\"elementor-element elementor-element-2b72cd8 elementor-widget elementor-widget-text-editor\" data-id=\"2b72cd8\" data-element_type=\"widget\" data-widget_type=\"text-editor.default\">\n\t\t\t\t<div class=\"elementor-widget-container\">\n\t\t\t\t\t\t\t<p><strong>Rekruttering generelt<\/strong><\/p><p>Rekrutteringsarbeidet er veldig viktig for klubben. Kontinuitet i dette arbeidet er viktig slik at man unng\u00e5r at \u00e5rganger faller bort. MIL Fotball har ulike tiltak for \u00e5 skape aktivitet og interesse for 7 \u00e5ringer.<\/p><p><strong>Oppstartsm\u00f8te<\/strong><\/p><p>Hvert \u00e5r arrangerer MIL Fotball oppstartsm\u00f8te for foreldrene til spillerne i \u00e5rgangen som fyller 7 \u00e5r. Vi gjennomf\u00f8rer normalt oppstartsm\u00f8te for foreldrene i desember. Det blir sendt ut skriv til alle foreldrene gjennom samarbeid med Mosj\u00f8en skole. I tillegg blir det lagt ut en artikkel p\u00e5 klubbens hjemmeside og diverse sosiale medier.<\/p><p>Det er rekrutteringsansvarlig i klubben som er ansvarlig for oppstartsm\u00f8te.<\/p><p><strong>Tema p\u00e5 oppstartsm\u00f8te:<\/strong><\/p><ul><li>Presentasjon av klubb og dens verdigrunnlag<\/li><li>Gjennomgang av klubbens sportsplan med fokus p\u00e5 denne m\u00e5lgruppen<\/li><li>Vilk\u00e5r og rettigheter for medlemskap<\/li><li>Plikter (dugnader, \u00f8konomistyring osv.)<\/li><li>Valg av trenere og foreldrekontakter for den nye treningsgruppen<\/li><\/ul><p>Lagene deles p\u00e5 kj\u00f8nn, henholdsvis J7 og G7. Klubben rekrutterer et st\u00f8tteapparat til alle lag i MIL Fotball. St\u00f8tteapparatet rundt hvert lag jobber sammen med klubben for \u00e5 inkludere alle gutter og jenter som \u00f8nsker \u00e5 spille fotball, og at disse blir invitert til \u00e5 delta p\u00e5 v\u00e5re treninger. Alle spillerne blir registrert og det sendes over en oversikt av spillerne til klubben.<\/p><p><strong>Tiltak og tilbud<\/strong><\/p><p>Oversikt over rekrutteringstiltak i MIL Fotball<\/p><ul><li>Oppstartsm\u00f8te med foreldre<\/li><li>P\u00e5melding til fotballserie<\/li><li>Fotballskole<\/li><li>Sammen om utvikling<\/li><\/ul><p><strong>M\u00e5ltall<\/strong><\/p><p>MIL Fotball har f\u00f8lgende m\u00e5ltall for rekruttering<\/p><ul><li>Ha 60% av alle gutter i klubbens nedslagsfelt med p\u00e5 G7<\/li><li>Ha 60% av alle jenter i klubbens nedslagsfelt med p\u00e5 J7<\/li><\/ul>\t\t\t\t\t\t<\/div>\n\t\t\t\t<\/div>\n\t\t\t\t\t<\/div>\n\t\t<\/div>\n\t\t\t\t\t\t\t<\/div>\n\t\t<\/section>\n\t\t\t\t\t\t<\/div>\n\t\t\t\t\t<\/div>\n\t\t","protected":false},"excerpt":{"rendered":"<p>9. Rekrutteringsplan Rekruttering generelt Rekrutteringsarbeidet er veldig viktig for klubben. Kontinuitet i dette arbeidet er viktig slik at man unng\u00e5r at \u00e5rganger faller bort. MIL Fotball har ulike tiltak for&hellip;<\/p>\n","protected":false},"author":1,"featured_media":0,"parent":0,"menu_order":0,"comment_status":"closed","ping_status":"closed","template":"","meta":{"footnotes":""},"class_list":["post-556","page","type-page","status-publish","hentry"],"_links":{"self":[{"href":"https:\/\/mil-fotball.no\/klubbhandbok\/wp-json\/wp\/v2\/pages\/556","targetHints":{"allow":["GET"]}}],"collection":[{"href":"https:\/\/mil-fotball.no\/klubbhandbok\/wp-json\/wp\/v2\/pages"}],"about":[{"href":"https:\/\/mil-fotball.no\/klubbhandbok\/wp-json\/wp\/v2\/types\/page"}],"author":[{"embeddable":true,"href":"https:\/\/mil-fotball.no\/klubbhandbok\/wp-json\/wp\/v2\/users\/1"}],"replies":[{"embeddable":true,"href":"https:\/\/mil-fotball.no\/klubbhandbok\/wp-json\/wp\/v2\/comments?post=556"}],"version-history":[{"count":4,"href":"https:\/\/mil-fotball.no\/klubbhandbok\/wp-json\/wp\/v2\/pages\/556\/revisions"}],"predecessor-version":[{"id":601,"href":"https:\/\/mil-fotball.no\/klubbhandbok\/wp-json\/wp\/v2\/pages\/556\/revisions\/601"}],"wp:attachment":[{"href":"https:\/\/mil-fotball.no\/klubbhandbok\/wp-json\/wp\/v2\/media?parent=556"}],"curies":[{"name":"wp","href":"https:\/\/api.w.org\/{rel}","templated":true}]}}