{"id":558,"date":"2021-06-17T19:39:25","date_gmt":"2021-06-17T19:39:25","guid":{"rendered":"https:\/\/mil-fotball.no\/klubbhandbok\/?page_id=558"},"modified":"2021-06-17T21:01:33","modified_gmt":"2021-06-17T21:01:33","slug":"arshjul","status":"publish","type":"page","link":"https:\/\/mil-fotball.no\/klubbhandbok\/arshjul\/","title":{"rendered":"\u00c5rshjul"},"content":{"rendered":"\t\t<div data-elementor-type=\"wp-page\" data-elementor-id=\"558\" class=\"elementor elementor-558\" data-elementor-settings=\"[]\">\n\t\t\t\t\t\t\t<div class=\"elementor-section-wrap\">\n\t\t\t\t\t\t\t<section class=\"penci-section penci-disSticky penci-structure-10 elementor-section elementor-top-section elementor-element elementor-element-dcd9139 elementor-section-boxed elementor-section-height-default elementor-section-height-default\" data-id=\"dcd9139\" data-element_type=\"section\">\n\t\t\t\t\t\t<div class=\"elementor-container elementor-column-gap-default\">\n\t\t\t\t\t<div class=\"penci-ercol-100 penci-ercol-order-1 penci-sticky-ct  elementor-column elementor-col-100 elementor-top-column elementor-element elementor-element-36db96b\" data-id=\"36db96b\" data-element_type=\"column\">\n\t\t\t<div class=\"elementor-widget-wrap elementor-element-populated\">\n\t\t\t\t\t\t\t\t<div class=\"elementor-element elementor-element-9a727ae elementor-widget elementor-widget-text-editor\" data-id=\"9a727ae\" data-element_type=\"widget\" data-widget_type=\"text-editor.default\">\n\t\t\t\t<div class=\"elementor-widget-container\">\n\t\t\t\t\t\t\t<p><strong>10.0 \u00c5rshjul<\/strong><\/p>\t\t\t\t\t\t<\/div>\n\t\t\t\t<\/div>\n\t\t\t\t<div class=\"elementor-element elementor-element-9f4dbd5 elementor-widget elementor-widget-text-editor\" data-id=\"9f4dbd5\" data-element_type=\"widget\" data-widget_type=\"text-editor.default\">\n\t\t\t\t<div class=\"elementor-widget-container\">\n\t\t\t\t\t\t\t<p>Fotball\u00e5ret har sin egen syklus. Det er tidsfrister \u00e5 forholde seg til, \u00abm\u00e5-oppgaver\u00bb og en rekke ting som skal p\u00e5 plass for \u00e5 gj\u00f8re fotballhverdagen best mulig for flest mulig. Dette gjelder p\u00e5meldinger lag i serie og NM, turneringss\u00f8knader og diverse andre frister.<\/p><p><strong>F\u00f8lgende datoer er viktige:<\/strong><\/p><table width=\"612\"><tbody><tr><td width=\"75\"><p><strong>M\u00e5ned<\/strong><\/p><\/td><td width=\"372\"><p><strong>Hva<\/strong><\/p><\/td><td width=\"115\"><p><strong>Ansvar<\/strong><\/p><\/td><td width=\"51\"><p><strong>Frister<\/strong><\/p><\/td><\/tr><tr><td width=\"75\"><p>Januar<\/p><\/td><td width=\"372\"><p>P\u00e5melding av lag til seriespill i ungdomsfotballen<\/p><\/td><td width=\"115\"><p>Sportslig leder<\/p><\/td><td width=\"51\"><p>15.jan<\/p><\/td><\/tr><tr><td width=\"75\">\u00a0<\/td><td width=\"372\"><p>P\u00e5melding av lag til NM G19\/J19 og G16\/J16<\/p><\/td><td width=\"115\"><p>Sportslig leder<\/p><\/td><td width=\"51\"><p>15.jan<\/p><\/td><\/tr><tr><td width=\"75\">\u00a0<\/td><td width=\"372\"><p>Trenerforum ungdomsfotball\/junior\/senior. Planlegging av \u00e5rets sesong. P\u00e5melding av lag til seriespill etc.<\/p><\/td><td width=\"115\"><p>Sportslig leder<\/p><\/td><td width=\"51\"><p>15.jan<\/p><\/td><\/tr><tr><td width=\"75\">\u00a0<\/td><td width=\"372\"><p>Foreldrem\u00f8ter. Se egen agenda for foreldrem\u00f8ter i sportsplanen v\u00e5r.<\/p><\/td><td width=\"115\"><p>Hovedtrener og Sportslig leder<\/p><\/td><td width=\"51\"><p>30.jan<\/p><\/td><\/tr><tr><td width=\"75\">\u00a0<\/td><td width=\"372\"><p>Kippermocup m\u00f8te<\/p><\/td><td width=\"115\"><p>Turneringsleder<\/p><\/td><td width=\"51\"><p>30.jan<\/p><\/td><\/tr><tr><td width=\"75\"><p>Februar<\/p><\/td><td width=\"372\"><p>Siste frist for \u00e5 s\u00f8ke om \u00e5 f\u00e5 arrangere turneringer januar-juni. Gj\u00f8res i FIKS.<\/p><\/td><td width=\"115\"><p>Sportslig leder<\/p><\/td><td width=\"51\"><p>01.feb<\/p><\/td><\/tr><tr><td width=\"75\">\u00a0<\/td><td width=\"372\"><p>P\u00e5melding av lag til seriespill i barnefotballen<\/p><\/td><td width=\"115\"><p>Sportslig leder<\/p><\/td><td width=\"51\"><p>15.feb<\/p><\/td><\/tr><tr><td width=\"75\">\u00a0<\/td><td width=\"372\"><p>Trenerforum barnefotball. Planlegging av \u00e5rets sesong. P\u00e5melding av lag til seriespill etc.<\/p><\/td><td width=\"115\"><p>Sportslig leder<\/p><\/td><td width=\"51\"><p>15.feb<\/p><\/td><\/tr><tr><td width=\"75\"><p>Mars<\/p><\/td><td width=\"372\"><p>S\u00f8ke spillemidler til utstyr<\/p><\/td><td width=\"115\"><p>Daglig leder<\/p><\/td><td width=\"51\"><p>10.mar<\/p><\/td><\/tr><tr><td width=\"75\">\u00a0<\/td><td width=\"372\"><p>Siste frist for \u00e5 s\u00f8ke om dispensasjoner<\/p><\/td><td width=\"115\"><p>Daglig leder<\/p><\/td><td width=\"51\"><p>15.mar<\/p><\/td><\/tr><tr><td width=\"75\">\u00a0<\/td><td width=\"372\"><p>S\u00f8ke om kommunale tilskudd. S\u00f8knadsskjema sendes ut eller ligger p\u00e5 Vefsn Kommune sine nettsider<\/p><\/td><td width=\"115\"><p>Daglig leder<\/p><\/td><td width=\"51\"><p>15.mar<\/p><\/td><\/tr><tr><td width=\"75\">\u00a0<\/td><td width=\"372\"><p>Forberede og gjennomf\u00f8re \u00e5rsm\u00f8te<\/p><\/td><td width=\"115\"><p>Styret<\/p><\/td><td width=\"51\"><p>31.mar<\/p><\/td><\/tr><tr><td width=\"75\">\u00a0<\/td><td width=\"372\"><p>Trenerforum<\/p><\/td><td width=\"115\"><p>Sportslig leder<\/p><\/td><td width=\"51\"><p>30.mar<\/p><\/td><\/tr><tr><td width=\"75\"><p>April<\/p><\/td><td width=\"372\"><p>Siste frist for betaling av kontingent\/treningsavgift<\/p><\/td><td width=\"115\">\u00a0<\/td><td width=\"51\"><p>01.apr<\/p><\/td><\/tr><tr><td width=\"75\">\u00a0<\/td><td width=\"372\"><p>Spillerregistrering. Alle spillere i alderen 13-19 \u00e5r har en gratis forsikring gjennom NFF. For at forsikringen skal gjelde m\u00e5 alle spillerne registreres i FIKS.<\/p><\/td><td width=\"115\"><p>Daglig leder<\/p><\/td><td width=\"51\"><p>01.apr<\/p><\/td><\/tr><tr><td width=\"75\">\u00a0<\/td><td width=\"372\"><p>Siste frist for idrettsregistreringen. Alle aktive medlemmer registreres i klubb admin. M\u00e5 gj\u00f8res for \u00e5 f\u00e5 tildelt LAM midler.<\/p><\/td><td width=\"115\"><p>Daglig leder<\/p><\/td><td width=\"51\"><p>30.apr<\/p><\/td><\/tr><tr><td width=\"75\">\u00a0<\/td><td width=\"372\"><p>Kippermocup m\u00f8te<\/p><\/td><td width=\"115\"><p>Turneringsleder<\/p><\/td><td width=\"51\"><p>30.apr<\/p><\/td><\/tr><tr><td width=\"75\"><p>Mai<\/p><\/td><td width=\"372\"><p>Trenerforum<\/p><\/td><td width=\"115\"><p>Sportslig leder<\/p><\/td><td width=\"51\"><p>30.mai<\/p><\/td><\/tr><tr><td width=\"75\"><p>Juni<\/p><\/td><td width=\"372\"><p>Kippermocup m\u00f8te<\/p><\/td><td width=\"115\"><p>Turneringsleder<\/p><\/td><td width=\"51\">\u00a0<\/td><\/tr><tr><td width=\"75\">\u00a0<\/td><td width=\"372\"><p>Kippermocupen arrangeres f\u00f8rste helg etter skoleslutt.<\/p><\/td><td width=\"115\">\u00a0<\/td><td width=\"51\">\u00a0<\/td><\/tr><tr><td width=\"75\">\u00a0<\/td><td width=\"372\"><p>Helgelendingen fotballskolen arrangeres uken etter Kippermocupen.<\/p><\/td><td width=\"115\"><p>Sportslig leder<\/p><\/td><td width=\"51\">\u00a0<\/td><\/tr><tr><td width=\"75\">\u00a0<\/td><td width=\"372\"><p>Foreldrem\u00f8ter. Se egen agenda for foreldrem\u00f8ter i sportsplanen v\u00e5r.<\/p><\/td><td width=\"115\"><p>Hovedtrener og Sportslig leder<\/p><\/td><td width=\"51\"><p>30.jun<\/p><\/td><\/tr><tr><td width=\"75\"><p>August<\/p><\/td><td width=\"372\"><p>Rapportere refusjon p\u00e5 MVA midler til hovedlaget<\/p><\/td><td width=\"115\"><p>Daglig leder<\/p><\/td><td width=\"51\"><p>15.aug<\/p><\/td><\/tr><tr><td width=\"75\">\u00a0<\/td><td width=\"372\"><p>P\u00e5meldingsfrist futsalseriene<\/p><\/td><td width=\"115\"><p>Sportslig leder<\/p><\/td><td width=\"51\"><p>17.aug<\/p><\/td><\/tr><tr><td width=\"75\"><p>September<\/p><\/td><td width=\"372\"><p>Siste frist for nominering sonetiltak.<\/p><\/td><td width=\"115\"><p>Sportslig leder<\/p><\/td><td width=\"51\"><p>01.sep<\/p><\/td><\/tr><tr><td width=\"75\">\u00a0<\/td><td width=\"372\"><p>Overgangsvinduet stenger kl. 24.00 den 10.sept, og er stengt frem til 1.januar. Overganger kan tas i dette tidsrommet, men spilleren er ikke klar til spill for ny klubb f\u00f8r 1.januar.<\/p><\/td><td width=\"115\">\u00a0<\/td><td width=\"51\"><p>10.sep<\/p><\/td><\/tr><tr><td width=\"75\">\u00a0<\/td><td width=\"372\"><p>Trenerforum<\/p><\/td><td width=\"115\"><p>Sportslig leder<\/p><\/td><td width=\"51\"><p>30.sep<\/p><\/td><\/tr><tr><td width=\"75\"><p>Oktober<\/p><\/td><td width=\"372\"><p>Siste frist for \u00e5 s\u00f8ke om \u00e5 f\u00e5 arrangere turneringer januar-juni. Gj\u00f8res i FIKS.<\/p><\/td><td width=\"115\"><p>Turneringsleder<\/p><\/td><td width=\"51\"><p>01.okt<\/p><\/td><\/tr><tr><td width=\"75\"><p>November<\/p><\/td><td width=\"372\"><p>Innsending\/registrering av ferdighets- og minimerket.<\/p><\/td><td width=\"115\">\u00a0<\/td><td width=\"51\"><p>01.nov<\/p><\/td><\/tr><tr><td width=\"75\">\u00a0<\/td><td width=\"372\"><p>Revidere klubbh\u00e5ndbok\/sportsplan<\/p><\/td><td width=\"115\">\u00a0<\/td><td width=\"51\"><p>30.nov<\/p><\/td><\/tr><tr><td width=\"75\">\u00a0<\/td><td width=\"372\"><p>Trenerforum<\/p><\/td><td width=\"115\"><p>Sportslig leder<\/p><\/td><td width=\"51\"><p>30.nov<\/p><\/td><\/tr><tr><td width=\"75\"><p>Desember<\/p><\/td><td width=\"372\"><p>P\u00e5melding seriespill p\u00e5f\u00f8lgende \u00e5r for senior menn.<\/p><\/td><td width=\"115\"><p>Sportslig leder<\/p><\/td><td width=\"51\"><p>01.des<\/p><\/td><\/tr><tr><td width=\"75\">\u00a0<\/td><td width=\"372\"><p>Dommerp\u00e5melding for p\u00e5f\u00f8lgende \u00e5r<\/p><\/td><td width=\"115\"><p>Dommeransvarlig<\/p><\/td><td width=\"51\"><p>15.des<\/p><\/td><\/tr><\/tbody><\/table>\t\t\t\t\t\t<\/div>\n\t\t\t\t<\/div>\n\t\t\t\t\t<\/div>\n\t\t<\/div>\n\t\t\t\t\t\t\t<\/div>\n\t\t<\/section>\n\t\t\t\t\t\t<\/div>\n\t\t\t\t\t<\/div>\n\t\t","protected":false},"excerpt":{"rendered":"<p>10.0 \u00c5rshjul Fotball\u00e5ret har sin egen syklus. Det er tidsfrister \u00e5 forholde seg til, \u00abm\u00e5-oppgaver\u00bb og en rekke ting som skal p\u00e5 plass for \u00e5 gj\u00f8re fotballhverdagen best mulig for&hellip;<\/p>\n","protected":false},"author":1,"featured_media":0,"parent":0,"menu_order":0,"comment_status":"closed","ping_status":"closed","template":"","meta":{"footnotes":""},"class_list":["post-558","page","type-page","status-publish","hentry"],"_links":{"self":[{"href":"https:\/\/mil-fotball.no\/klubbhandbok\/wp-json\/wp\/v2\/pages\/558","targetHints":{"allow":["GET"]}}],"collection":[{"href":"https:\/\/mil-fotball.no\/klubbhandbok\/wp-json\/wp\/v2\/pages"}],"about":[{"href":"https:\/\/mil-fotball.no\/klubbhandbok\/wp-json\/wp\/v2\/types\/page"}],"author":[{"embeddable":true,"href":"https:\/\/mil-fotball.no\/klubbhandbok\/wp-json\/wp\/v2\/users\/1"}],"replies":[{"embeddable":true,"href":"https:\/\/mil-fotball.no\/klubbhandbok\/wp-json\/wp\/v2\/comments?post=558"}],"version-history":[{"count":4,"href":"https:\/\/mil-fotball.no\/klubbhandbok\/wp-json\/wp\/v2\/pages\/558\/revisions"}],"predecessor-version":[{"id":604,"href":"https:\/\/mil-fotball.no\/klubbhandbok\/wp-json\/wp\/v2\/pages\/558\/revisions\/604"}],"wp:attachment":[{"href":"https:\/\/mil-fotball.no\/klubbhandbok\/wp-json\/wp\/v2\/media?parent=558"}],"curies":[{"name":"wp","href":"https:\/\/api.w.org\/{rel}","templated":true}]}}